{"id":1229,"date":"2022-01-25T10:41:38","date_gmt":"2022-01-25T10:41:38","guid":{"rendered":"https:\/\/rite-edge.com\/termes-et-conditions\/"},"modified":"2022-01-25T10:41:41","modified_gmt":"2022-01-25T10:41:41","slug":"termes-et-conditions","status":"publish","type":"page","link":"https:\/\/rite-edge.com\/fr\/termes-et-conditions\/","title":{"rendered":"termes et conditions"},"content":{"rendered":"\n<h2>G\u00e9n\u00e9ral<\/h2>\n\n<p>\u00abFournisseur\u00bb d\u00e9signe Rainbow Professional Limited.<br\/>\u00abAcheteur\u00bb d\u00e9signe la personne, l&rsquo;entreprise ou la soci\u00e9t\u00e9 qui contracte avec le Vendeur.<br\/>\u00ab Marchandises \u00bb d\u00e9signe tout ou partie des articles d\u00e9crits dans la commande et sur la facture.<br\/>\u00ab\u00a0Commande\u00a0\u00bb d\u00e9signe la commande pass\u00e9e par l&rsquo;Acheteur pour la fourniture de biens.<\/p>\n\n<h2>Port\u00e9e<\/h2>\n\n<p>a) Sauf dans la mesure o\u00f9 les dispositions de la loi de 1979 sur la vente de marchandises qui ne sont pas exclusives en disposent autrement, ces conditions ainsi que les dispositions de ladite loi qui ne sont pas incompatibles avec les pr\u00e9sentes s&rsquo;appliqueront par le vendeur et constitueront la base de la contrat entre le vendeur et l&rsquo;acheteur.<\/p>\n\n<p>b) Aucune variation de ces conditions ne sera effective \u00e0 moins d&rsquo;\u00eatre faite par \u00e9crit et sign\u00e9e par un dirigeant ou un employ\u00e9 autoris\u00e9 du Vendeur; \u00e0 la demande du client, le vendeur v\u00e9rifiera si une personne nomm\u00e9e a l&rsquo;autorit\u00e9 requise.<\/p>\n\n<p>c) Aucun contrat n&rsquo;entre en vigueur tant que le Bon de commande n&rsquo;a pas \u00e9t\u00e9 re\u00e7u par \u00e9crit par le Vendeur.<\/p>\n\n<p>d) Sauf convention \u00e9crite contraire, les conditions pr\u00e9vaudront sur toutes les conditions incompatibles appliqu\u00e9es par la loi ou par les usages commerciaux ou la conduite des affaires et de telles conditions incompatibles sont express\u00e9ment exclues par les pr\u00e9sentes.<\/p>\n\n<p>e) L&rsquo;Acheteur doit s&rsquo;assurer que les biens faisant l&rsquo;objet de sa Commande sont conformes \u00e0 sa demande.<\/p>\n\n<p>f) C&rsquo;est notre politique de d\u00e9velopper continuellement nos produits et en tant que tel, nous nous r\u00e9servons le droit de modifier toute sp\u00e9cification et conception sans pr\u00e9avis.<\/p>\n\n<h2>Le chariot<\/h2>\n\n<p>a) Le transport sera pay\u00e9 par le vendeur lorsque la valeur totale de la commande d\u00e9passe 250 \u00a3 (TVA incluse)<\/p>\n\n<p>b) Lorsque la valeur de la commande est inf\u00e9rieure au niveau minimum de commande en port pay\u00e9, l&rsquo;Acheteur sera factur\u00e9 pour le transport tel que sp\u00e9cifi\u00e9 sur la liste des frais de port du site Web.<\/p>\n\n<p>c) Tous les frais de transport vers des adresses au Royaume-Uni seront soumis \u00e0 une charge de TVA au taux en vigueur au Royaume-Uni.<\/p>\n\n<p>d) Tous les frais de transport vers des adresses \u00e0 l&rsquo;\u00e9tranger seront disponibles sur demande aupr\u00e8s du vendeur.<\/p>\n\n<h2>Prix et paiement<\/h2>\n\n<p>a) Les prix auxquels les marchandises sont vendues sont les prix respectifs indiqu\u00e9s sur le site Web des vendeurs. Ces prix n&rsquo;incluent pas les frais effectu\u00e9s en vertu de la clause 3 des pr\u00e9sentes.<\/p>\n\n<p>b) Le Vendeur se r\u00e9serve le droit de modifier ses prix \u00e0 tout moment pour tenir compte :<\/p>\n\n<ul><li>i) Toute augmentation du prix de revient des marchandises prenant effet avant l&rsquo;exp\u00e9dition par le Vendeur ;<\/li><li>ii) Toute modification apport\u00e9e au cahier des charges sur lequel le contrat est bas\u00e9;<\/li><li>iii) Tous les co\u00fbts li\u00e9s au temps d&rsquo;attente ou autres d\u00e9penses encourus par le Vendeur \u00e0 la suite de questions ind\u00e9pendantes de sa volont\u00e9;<\/li><li>iv) Livraisons sp\u00e9ciales ou livraisons partielles ou toute autre modification de la commande originale effectu\u00e9e \u00e0 la demande du client;<\/li><\/ul>\n<p>c) Si l&rsquo;Acheteur ne paie pas le Vendeur \u00e0 l&rsquo;\u00e9ch\u00e9ance :<\/p>\n\n<ul><li>i) Le Vendeur aura le droit d&rsquo;annuler tout contrat conclu avec l&rsquo;Acheteur et\/ou de suspendre ou de poursuivre la livraison de marchandises au choix du Vendeur sans pr\u00e9judice du droit du Vendeur de r\u00e9clamer des dommages-int\u00e9r\u00eats pour toute perte subie par lui.<\/li><\/ul>\n<h2>Propri\u00e9t\u00e9<\/h2>\n\n<p>a) La propri\u00e9t\u00e9 et la propri\u00e9t\u00e9 des biens faisant l&rsquo;objet de la commande restent acquises au Vendeur qui se r\u00e9serve le droit d&rsquo;en disposer jusqu&rsquo;au paiement int\u00e9gral de tous les biens et services re\u00e7us par lui conform\u00e9ment aux conditions g\u00e9n\u00e9rales de le contrat et\/ou jusqu&rsquo;au paiement de toutes les factures impay\u00e9es de l&rsquo;acheteur et\/ou jusqu&rsquo;\u00e0 ce que l&rsquo;acheteur vende les marchandises \u00e0 ses clients par voie de vente de bonne foi \u00e0 la pleine valeur marchande.<\/p>\n\n<p>b) Si ce paiement est en tout ou en partie en retard, le Vendeur peut (sans pr\u00e9judice de ses autres droits) r\u00e9cup\u00e9rer ou revendre les marchandises ou l&rsquo;une d&rsquo;entre elles et peut entrer dans les locaux de l&rsquo;Acheteur ou de ses pr\u00e9pos\u00e9s ou agents pour cela. but.<\/p>\n\n<p>c) Ces paiements deviendront exigibles d\u00e8s le d\u00e9but de tout acte ou proc\u00e9dure impliquant la solvabilit\u00e9 de l&rsquo;Acheteur.<\/p>\n\n<p>d) Nonobstant le fait que la propri\u00e9t\u00e9 et tous les biens devant \u00eatre livr\u00e9s \u00e0 l&rsquo;Acheteur par le Vendeur restent d\u00e9volus au Vendeur jusqu&rsquo;\u00e0 ce que le Vendeur ait re\u00e7u le paiement int\u00e9gral, le risque de dommage ou de perte de tout ou partie de ces biens sera transf\u00e9r\u00e9 \u00e0 l&rsquo;Acheteur d\u00e8s leur livraison \u00e0 l&rsquo;Acheteur ou \u00e0 la commande de l&rsquo;Acheteur et \u00e0 compter de cette date de livraison, l&rsquo;Acheteur sera tenu de payer au Vendeur le prix contractuel pour ces marchandises, qu&rsquo;elles soient ou non endommag\u00e9es ou perdues avant la date que la propri\u00e9t\u00e9 ci-dessus doit passer \u00e0 l&rsquo;acheteur.<\/p>\n\n<p>e) Si les marchandises sont d\u00e9truites par un risque assur\u00e9 avant que celui-ci n&rsquo;ait \u00e9t\u00e9 pay\u00e9 par l&rsquo;Acheteur, l&rsquo;Acheteur recevra le produit de toute assurance en tant que fiduciaire pour le Vendeur.<\/p>\n\n<p>f) Le risque assurable sur les marchandises est transf\u00e9r\u00e9 \u00e0 l&rsquo;Acheteur d\u00e8s que les marchandises lui sont livr\u00e9es ou \u00e0 sa commande et en attendant leur \u00e9limination, l&rsquo;Acheteur doit garder les marchandises assur\u00e9es \u00e0 hauteur du prix auquel les marchandises sont vendues au Acheteur contre tous risques assurables.<\/p>\n\n<h2>Risque<\/h2>\n\n<p>a) Le vendeur ne sera pas responsable de toute perte ou dommage subi par les marchandises pendant le transport, sauf si:<\/p>\n\n<ul><li>i) Ces pertes ou dommages sont signal\u00e9s au Vendeur par \u00e9crit dans les 10 jours calendaires \u00e0 compter de la date de facturation; et<\/li><li>ii) Une telle perte ou un tel dommage est subi \u00e0 la suite d&rsquo;un acte ou d&rsquo;une omission de la part de la Soci\u00e9t\u00e9 ou de ses pr\u00e9pos\u00e9s ou agents; et<\/li><li>iii) Cette responsabilit\u00e9 est couverte par la police d&rsquo;assurance responsabilit\u00e9 civile souscrite par la soci\u00e9t\u00e9 et en vigueur au moment du sinistre. Les d\u00e9tails de cette police d&rsquo;assurance seront disponibles sur demande.<\/li><\/ul>\n<h2>Description et aptitude \u00e0 l&#8217;emploi <\/h2>\n\n<p>a) Conform\u00e9ment \u00e0 la politique de d\u00e9veloppement continu du Vendeur, tout en s&rsquo;effor\u00e7ant de livrer les marchandises conform\u00e9ment aux sp\u00e9cifications command\u00e9es, les sp\u00e9cifications, la couleur, la conception et la dur\u00e9e de vie sont susceptibles d&rsquo;\u00eatre modifi\u00e9es \u00e0 tout moment sans pr\u00e9avis et dans tous les cas. les tailles indiqu\u00e9es ne sont qu&rsquo;approximatives.<\/p>\n\n<p>b) Le Vendeur n&rsquo;accepte aucune responsabilit\u00e9 pour toute perte ou dommage (y compris les pertes cons\u00e9cutives) quelle qu&rsquo;en soit la cause r\u00e9sultant de l&rsquo;utilisation des produits du Vendeur, qu&rsquo;il s&rsquo;agisse d&rsquo;une blessure ou d&rsquo;un manque \u00e0 gagner.<\/p>\n\n<p>c) Les employ\u00e9s du vendeur ne sont pas autoris\u00e9s \u00e0 faire des d\u00e9clarations orales quant \u00e0 la description, la qualit\u00e9 ou l&rsquo;ad\u00e9quation \u00e0 un usage particulier de toute marchandise. Si une repr\u00e9sentation est faite pour une opinion exprim\u00e9e oralement qui affecte mat\u00e9riellement la d\u00e9cision du client de passer une commande pour livraison, le client doit s&rsquo;assurer que ces d\u00e9tails sont confirm\u00e9s par \u00e9crit par un responsable ou un employ\u00e9 d\u00fbment autoris\u00e9 de la Soci\u00e9t\u00e9 afin de faire partie de le contrat; aucune responsabilit\u00e9 ne peut autrement \u00eatre accept\u00e9e.<\/p>\n\n<h2>Livraison<\/h2>\n\n<p>a) La livraison se fera \u00e0 l&rsquo;adresse indiqu\u00e9e sur le bon de commande ou en l&rsquo;absence d&rsquo;une telle adresse sp\u00e9ciale par \u00e9crit dans les locaux de l&rsquo;Acheteur.<\/p>\n\n<p>b) Nous n&rsquo;offrons pas de service de livraison qui comprend le fractionnement des palettes ou le levage des palettes par le v\u00e9hicule de livraison et nous nous r\u00e9servons le droit de facturer toute re-livraison qui est n\u00e9cessaire en raison des limitations de l&rsquo;adresse de livraison.<\/p>\n\n<p>c) Les dates de livraison mentionn\u00e9es dans tout devis, commande, accus\u00e9 de r\u00e9ception ou oralement ne sont qu&rsquo;approximatives et n&rsquo;ont aucun effet contractuel. La Soci\u00e9t\u00e9 d\u00e9cline toute responsabilit\u00e9 en cas de perte ou de dommage (y compris la perte de profit et les pertes cons\u00e9cutives) envers le client en cas de non-livraison \u00e0 une date ou \u00e0 des dates particuli\u00e8res.<\/p>\n\n<h2>Juridiction<\/h2>\n\n<p><strong class=\"privacy-policy-tutorial\">Le contrat est soumis aux lois anglaises et \u00e0 la juridiction des tribunaux anglais.<\/strong><\/p>\n\n<h2>Avis de protection des donn\u00e9es<\/h2>\n\n<p>Conform\u00e9ment \u00e0 la loi de 1998 sur la protection des donn\u00e9es, nous pouvons transf\u00e9rer des informations vous concernant \u00e0 nos banquiers\/financiers dans le but de fournir des services aux fins suivantes:-obtention d&rsquo;une assurance-cr\u00e9dit, recherche d&rsquo;agences de r\u00e9f\u00e9rence de cr\u00e9dit, contr\u00f4le, \u00e9valuation et analyse du cr\u00e9dit, titrisation et protection de nos Int\u00e9r\u00eats.<\/p>\n\n<h2>Visiteurs du site Web<\/h2>\n\n<p>La politique de Rainbow Professional est de respecter votre vie priv\u00e9e concernant toute information que nous pouvons collecter lors de la visite de notre site Web.<\/p>\n\n<p>Comme la plupart des op\u00e9rateurs de sites Web, Rainbow Professional collecte des informations non personnellement identifiables du type que les navigateurs Web et les serveurs mettent g\u00e9n\u00e9ralement \u00e0 disposition, telles que le type de navigateur, la langue de pr\u00e9f\u00e9rence, le site de r\u00e9f\u00e9rence, ainsi que la date et l&rsquo;heure de chaque demande de visiteur. L&rsquo;objectif de Rainbow Professional lors de la collecte d&rsquo;informations d&rsquo;identification non personnelles est de mieux comprendre comment les visiteurs de Rainbow Professional utilisent son site Web. De temps \u00e0 autre, Rainbow Professional peut divulguer des informations non personnellement identifiables dans l&rsquo;ensemble, par exemple, en publiant un rapport sur les tendances d&rsquo;utilisation de son site Web.<\/p>\n\n<p>Rainbow Professional recueille \u00e9galement des informations potentiellement personnelles comme les adresses IP (Internet Protocol). Cependant, Rainbow Professional n&rsquo;utilise pas ces informations pour identifier ses visiteurs et ne divulgue pas ces informations, sauf dans les m\u00eames circonstances qu&rsquo;il utilise et divulgue des informations d&rsquo;identification personnelle, comme d\u00e9crit ci-dessous.<\/p>\n\n<h2>Collecte d&rsquo;informations d&rsquo;identification personnelle<\/h2>\n\n<p>Certains visiteurs de notre site Web choisissent d&rsquo;interagir avec nous d&rsquo;une mani\u00e8re qui oblige Rainbow Professional \u00e0 recueillir des informations d&rsquo;identification personnelle. La quantit\u00e9 et le type d&rsquo;informations recueillies par Rainbow Professional d\u00e9pendent de la nature de l&rsquo;interaction.<\/p>\n\n<h2>Statistiques agr\u00e9g\u00e9es<\/h2>\n\n<p>Rainbow Professional peut collecter des statistiques sur le comportement des visiteurs de ses sites Web. Par exemple, Rainbow Professional peut surveiller les pages les plus populaires de notre site Web. Rainbow Professional peut afficher ces informations publiquement ou les fournir \u00e0 d&rsquo;autres. Cependant, Rainbow Professional ne divulgue pas d&rsquo;informations d&rsquo;identification personnelle autres que celles d\u00e9crites ci-dessous.<\/p>\n\n<h2>Biscuits<\/h2>\n\n<p>Un cookie est une cha\u00eene d&rsquo;informations qu&rsquo;un site Web stocke sur l&rsquo;ordinateur d&rsquo;un visiteur et que le navigateur du visiteur fournit au site Web chaque fois que le visiteur revient. Rainbow Professional utilise des cookies pour aider Rainbow Professional \u00e0 identifier et \u00e0 suivre les visiteurs, leur utilisation du site Web de Rainbow Professional et leurs pr\u00e9f\u00e9rences d&rsquo;acc\u00e8s au site Web. Les visiteurs de Rainbow Professional qui ne souhaitent pas que des cookies soient plac\u00e9s sur leur ordinateur doivent configurer leur navigateur pour refuser les cookies avant d&rsquo;utiliser notre site Web, avec l&rsquo;inconv\u00e9nient que certaines fonctionnalit\u00e9s de notre site Web peuvent ne pas fonctionner correctement sans l&rsquo;aide de cookies.<\/p>\n\n<h2>Modifications de la politique de confidentialit\u00e9<\/h2>\n\n<p>Bien que la plupart des changements soient probablement mineurs, Rainbow Professional peut modifier sa politique de confidentialit\u00e9 de temps \u00e0 autre, et \u00e0 la seule discr\u00e9tion de Rainbow Professional. Rainbow Professional encourage les visiteurs \u00e0 consulter fr\u00e9quemment cette page pour toute modification de sa politique de confidentialit\u00e9. Votre utilisation continue de ce site apr\u00e8s toute modification de cette politique de confidentialit\u00e9 constituera votre acceptation de cette modification.<\/p>\n","protected":false},"excerpt":{"rendered":"<p>G\u00e9n\u00e9ral \u00abFournisseur\u00bb d\u00e9signe Rainbow Professional Limited.\u00abAcheteur\u00bb d\u00e9signe la personne, l&rsquo;entreprise ou la soci\u00e9t\u00e9 qui contracte avec le Vendeur.\u00ab Marchandises \u00bb d\u00e9signe tout ou partie des articles d\u00e9crits dans la commande et sur la facture.\u00ab\u00a0Commande\u00a0\u00bb d\u00e9signe la commande pass\u00e9e par l&rsquo;Acheteur pour la fourniture de biens. Port\u00e9e a) Sauf dans la mesure o\u00f9 les dispositions de [&hellip;]<\/p>\n","protected":false},"author":1,"featured_media":0,"parent":0,"menu_order":0,"comment_status":"closed","ping_status":"open","template":"","meta":[],"acf":[],"yoast_head":"<!-- This site is optimized with the Yoast SEO plugin v18.4.1 - https:\/\/yoast.com\/wordpress\/plugins\/seo\/ -->\n<title>termes et conditions - Rite-Edge<\/title>\n<meta name=\"robots\" content=\"index, follow, max-snippet:-1, max-image-preview:large, max-video-preview:-1\" \/>\n<link rel=\"canonical\" href=\"https:\/\/rite-edge.com\/fr\/termes-et-conditions\/\" \/>\n<meta property=\"og:locale\" content=\"fr_FR\" \/>\n<meta property=\"og:type\" content=\"article\" \/>\n<meta property=\"og:title\" content=\"termes et conditions - Rite-Edge\" \/>\n<meta property=\"og:description\" content=\"G\u00e9n\u00e9ral \u00abFournisseur\u00bb d\u00e9signe Rainbow Professional Limited.\u00abAcheteur\u00bb d\u00e9signe la personne, l&rsquo;entreprise ou la soci\u00e9t\u00e9 qui contracte avec le Vendeur.\u00ab Marchandises \u00bb d\u00e9signe tout ou partie des articles d\u00e9crits dans la commande et sur la facture.\u00ab\u00a0Commande\u00a0\u00bb d\u00e9signe la commande pass\u00e9e par l&rsquo;Acheteur pour la fourniture de biens. Port\u00e9e a) Sauf dans la mesure o\u00f9 les dispositions de [&hellip;]\" \/>\n<meta property=\"og:url\" content=\"https:\/\/rite-edge.com\/fr\/termes-et-conditions\/\" \/>\n<meta property=\"og:site_name\" content=\"Rite-Edge\" \/>\n<meta property=\"article:modified_time\" content=\"2022-01-25T10:41:41+00:00\" \/>\n<meta name=\"twitter:card\" content=\"summary_large_image\" \/>\n<meta name=\"twitter:label1\" content=\"Dur\u00e9e de lecture estim\u00e9e\" \/>\n\t<meta name=\"twitter:data1\" content=\"10 minutes\" \/>\n<script type=\"application\/ld+json\" class=\"yoast-schema-graph\">{\"@context\":\"https:\/\/schema.org\",\"@graph\":[{\"@type\":\"WebSite\",\"@id\":\"https:\/\/rite-edge.com\/#website\",\"url\":\"https:\/\/rite-edge.com\/\",\"name\":\"Rite-Edge\",\"description\":\"Rite-Edge est une solution durable et de haute qualit\u00e9 pour cr\u00e9er des bordures de pelouse, des bordures de jardin, des bordures paysag\u00e8res et plus encore. Rite-Edge est fabriqu\u00e9 dans notre usine au Royaume-Uni et en Belgique.\",\"potentialAction\":[{\"@type\":\"SearchAction\",\"target\":{\"@type\":\"EntryPoint\",\"urlTemplate\":\"https:\/\/rite-edge.com\/?s={search_term_string}\"},\"query-input\":\"required name=search_term_string\"}],\"inLanguage\":\"fr-FR\"},{\"@type\":\"WebPage\",\"@id\":\"https:\/\/rite-edge.com\/fr\/termes-et-conditions\/#webpage\",\"url\":\"https:\/\/rite-edge.com\/fr\/termes-et-conditions\/\",\"name\":\"termes et conditions - Rite-Edge\",\"isPartOf\":{\"@id\":\"https:\/\/rite-edge.com\/#website\"},\"datePublished\":\"2022-01-25T10:41:38+00:00\",\"dateModified\":\"2022-01-25T10:41:41+00:00\",\"breadcrumb\":{\"@id\":\"https:\/\/rite-edge.com\/fr\/termes-et-conditions\/#breadcrumb\"},\"inLanguage\":\"fr-FR\",\"potentialAction\":[{\"@type\":\"ReadAction\",\"target\":[\"https:\/\/rite-edge.com\/fr\/termes-et-conditions\/\"]}]},{\"@type\":\"BreadcrumbList\",\"@id\":\"https:\/\/rite-edge.com\/fr\/termes-et-conditions\/#breadcrumb\",\"itemListElement\":[{\"@type\":\"ListItem\",\"position\":1,\"name\":\"Home\",\"item\":\"https:\/\/rite-edge.com\/fr\/\"},{\"@type\":\"ListItem\",\"position\":2,\"name\":\"termes et conditions\"}]}]}<\/script>\n<!-- \/ Yoast SEO plugin. -->","yoast_head_json":{"title":"termes et conditions - Rite-Edge","robots":{"index":"index","follow":"follow","max-snippet":"max-snippet:-1","max-image-preview":"max-image-preview:large","max-video-preview":"max-video-preview:-1"},"canonical":"https:\/\/rite-edge.com\/fr\/termes-et-conditions\/","og_locale":"fr_FR","og_type":"article","og_title":"termes et conditions - Rite-Edge","og_description":"G\u00e9n\u00e9ral \u00abFournisseur\u00bb d\u00e9signe Rainbow Professional Limited.\u00abAcheteur\u00bb d\u00e9signe la personne, l&rsquo;entreprise ou la soci\u00e9t\u00e9 qui contracte avec le Vendeur.\u00ab Marchandises \u00bb d\u00e9signe tout ou partie des articles d\u00e9crits dans la commande et sur la facture.\u00ab\u00a0Commande\u00a0\u00bb d\u00e9signe la commande pass\u00e9e par l&rsquo;Acheteur pour la fourniture de biens. Port\u00e9e a) Sauf dans la mesure o\u00f9 les dispositions de [&hellip;]","og_url":"https:\/\/rite-edge.com\/fr\/termes-et-conditions\/","og_site_name":"Rite-Edge","article_modified_time":"2022-01-25T10:41:41+00:00","twitter_card":"summary_large_image","twitter_misc":{"Dur\u00e9e de lecture estim\u00e9e":"10 minutes"},"schema":{"@context":"https:\/\/schema.org","@graph":[{"@type":"WebSite","@id":"https:\/\/rite-edge.com\/#website","url":"https:\/\/rite-edge.com\/","name":"Rite-Edge","description":"Rite-Edge est une solution durable et de haute qualit\u00e9 pour cr\u00e9er des bordures de pelouse, des bordures de jardin, des bordures paysag\u00e8res et plus encore. Rite-Edge est fabriqu\u00e9 dans notre usine au Royaume-Uni et en Belgique.","potentialAction":[{"@type":"SearchAction","target":{"@type":"EntryPoint","urlTemplate":"https:\/\/rite-edge.com\/?s={search_term_string}"},"query-input":"required name=search_term_string"}],"inLanguage":"fr-FR"},{"@type":"WebPage","@id":"https:\/\/rite-edge.com\/fr\/termes-et-conditions\/#webpage","url":"https:\/\/rite-edge.com\/fr\/termes-et-conditions\/","name":"termes et conditions - Rite-Edge","isPartOf":{"@id":"https:\/\/rite-edge.com\/#website"},"datePublished":"2022-01-25T10:41:38+00:00","dateModified":"2022-01-25T10:41:41+00:00","breadcrumb":{"@id":"https:\/\/rite-edge.com\/fr\/termes-et-conditions\/#breadcrumb"},"inLanguage":"fr-FR","potentialAction":[{"@type":"ReadAction","target":["https:\/\/rite-edge.com\/fr\/termes-et-conditions\/"]}]},{"@type":"BreadcrumbList","@id":"https:\/\/rite-edge.com\/fr\/termes-et-conditions\/#breadcrumb","itemListElement":[{"@type":"ListItem","position":1,"name":"Home","item":"https:\/\/rite-edge.com\/fr\/"},{"@type":"ListItem","position":2,"name":"termes et conditions"}]}]}},"_links":{"self":[{"href":"https:\/\/rite-edge.com\/fr\/wp-json\/wp\/v2\/pages\/1229"}],"collection":[{"href":"https:\/\/rite-edge.com\/fr\/wp-json\/wp\/v2\/pages"}],"about":[{"href":"https:\/\/rite-edge.com\/fr\/wp-json\/wp\/v2\/types\/page"}],"author":[{"embeddable":true,"href":"https:\/\/rite-edge.com\/fr\/wp-json\/wp\/v2\/users\/1"}],"replies":[{"embeddable":true,"href":"https:\/\/rite-edge.com\/fr\/wp-json\/wp\/v2\/comments?post=1229"}],"version-history":[{"count":1,"href":"https:\/\/rite-edge.com\/fr\/wp-json\/wp\/v2\/pages\/1229\/revisions"}],"predecessor-version":[{"id":1230,"href":"https:\/\/rite-edge.com\/fr\/wp-json\/wp\/v2\/pages\/1229\/revisions\/1230"}],"wp:attachment":[{"href":"https:\/\/rite-edge.com\/fr\/wp-json\/wp\/v2\/media?parent=1229"}],"curies":[{"name":"wp","href":"https:\/\/api.w.org\/{rel}","templated":true}]}}