{"id":872,"date":"2021-04-27T16:09:02","date_gmt":"2021-04-27T15:09:02","guid":{"rendered":"https:\/\/rite-edge.com\/welcome\/"},"modified":"2021-10-21T10:02:28","modified_gmt":"2021-10-21T09:02:28","slug":"bordures-paysageres-superieures-en-aluminium-rite-edge","status":"publish","type":"page","link":"https:\/\/rite-edge.com\/fr\/","title":{"rendered":"BORDURES PAYSAG\u00c8RES SUP\u00c9RIEURES EN ALUMINIUM RITE EDGE"},"content":{"rendered":"\r\n<p>Rite-Edge est une solution durable et de haute qualit\u00e9 pour cr\u00e9er des bordures de pelouse, des bordures de jardin, des bordures paysag\u00e8res et plus encore. Rite-Edge est fabriqu\u00e9 dans notre usine au Royaume-Uni et en Belgique.<\/p>\r\n\r\n<p>Ayant \u00e9t\u00e9 con\u00e7u par des architectes paysagistes et prim\u00e9 \u00e0 plusieurs reprises, notre RITE-EDGE est parfaitement adapt\u00e9 pour la conception d\u2019espaces paysagers professionnels comme les bords visibles de pelouses, les bordures, les lits et les all\u00e9es, permettant de fa\u00e7onner un jardin \u00e0 l\u2019allure impeccable et soign\u00e9e avec des lignes droites et des angles parfaits ainsi que des superbes courbes et formes.<\/p>\r\n","protected":false},"excerpt":{"rendered":"<p>Rite-Edge est une solution durable et de haute qualit\u00e9 pour cr\u00e9er des bordures de pelouse, des bordures de jardin, des bordures paysag\u00e8res et plus encore. Rite-Edge est fabriqu\u00e9 dans notre usine au Royaume-Uni et en Belgique. Ayant \u00e9t\u00e9 con\u00e7u par des architectes paysagistes et prim\u00e9 \u00e0 plusieurs reprises, notre RITE-EDGE est parfaitement adapt\u00e9 pour la [&hellip;]<\/p>\n","protected":false},"author":1,"featured_media":0,"parent":0,"menu_order":0,"comment_status":"closed","ping_status":"closed","template":"","meta":[],"acf":[],"yoast_head":"<!-- This site is optimized with the Yoast SEO plugin v18.4.1 - https:\/\/yoast.com\/wordpress\/plugins\/seo\/ -->\n<title>BORDURES PAYSAG\u00c8RES SUP\u00c9RIEURES EN ALUMINIUM RITE EDGE - Rite-Edge<\/title>\n<meta name=\"description\" content=\"Rite-Edge est une solution durable et de haute qualit\u00e9 pour cr\u00e9er des bordures de pelouse, des bordures de jardin, des bordures paysag\u00e8res et plus encore. Rite-Edge est fabriqu\u00e9 dans notre usine au Royaume-Uni et en Belgique. Ayant \u00e9t\u00e9 con\u00e7u par des architectes paysagistes et prim\u00e9 \u00e0 plusieurs reprises, notre RITE-EDGE est parfaitement adapt\u00e9 pour la conception d\u2019espaces paysagers professionnels comme les bords visibles de pelouses, les bordures, les lits et les all\u00e9es, permettant de fa\u00e7onner un jardin \u00e0 l\u2019allure impeccable et soign\u00e9e avec des lignes droites et des angles parfaits ainsi que des superbes courbes et formes.\" \/>\n<meta name=\"robots\" content=\"index, follow, max-snippet:-1, max-image-preview:large, max-video-preview:-1\" \/>\n<link rel=\"canonical\" href=\"https:\/\/rite-edge.com\/fr\/\" \/>\n<meta property=\"og:locale\" content=\"fr_FR\" \/>\n<meta property=\"og:type\" content=\"article\" \/>\n<meta property=\"og:title\" content=\"BORDURES PAYSAG\u00c8RES SUP\u00c9RIEURES EN ALUMINIUM RITE EDGE - Rite-Edge\" \/>\n<meta property=\"og:description\" content=\"Rite-Edge est une solution durable et de haute qualit\u00e9 pour cr\u00e9er des bordures de pelouse, des bordures de jardin, des bordures paysag\u00e8res et plus encore. Rite-Edge est fabriqu\u00e9 dans notre usine au Royaume-Uni et en Belgique. Ayant \u00e9t\u00e9 con\u00e7u par des architectes paysagistes et prim\u00e9 \u00e0 plusieurs reprises, notre RITE-EDGE est parfaitement adapt\u00e9 pour la conception d\u2019espaces paysagers professionnels comme les bords visibles de pelouses, les bordures, les lits et les all\u00e9es, permettant de fa\u00e7onner un jardin \u00e0 l\u2019allure impeccable et soign\u00e9e avec des lignes droites et des angles parfaits ainsi que des superbes courbes et formes.\" \/>\n<meta property=\"og:url\" content=\"https:\/\/rite-edge.com\/fr\/\" \/>\n<meta property=\"og:site_name\" content=\"Rite-Edge\" \/>\n<meta property=\"article:modified_time\" content=\"2021-10-21T09:02:28+00:00\" \/>\n<meta name=\"twitter:card\" content=\"summary_large_image\" \/>\n<meta name=\"twitter:label1\" content=\"Dur\u00e9e de lecture estim\u00e9e\" \/>\n\t<meta name=\"twitter:data1\" content=\"1 minute\" \/>\n<script type=\"application\/ld+json\" class=\"yoast-schema-graph\">{\"@context\":\"https:\/\/schema.org\",\"@graph\":[{\"@type\":\"WebSite\",\"@id\":\"https:\/\/rite-edge.com\/#website\",\"url\":\"https:\/\/rite-edge.com\/\",\"name\":\"Rite-Edge\",\"description\":\"Rite-Edge est une solution durable et de haute qualit\u00e9 pour cr\u00e9er des bordures de pelouse, des bordures de jardin, des bordures paysag\u00e8res et plus encore. Rite-Edge est fabriqu\u00e9 dans notre usine au Royaume-Uni et en Belgique.\",\"potentialAction\":[{\"@type\":\"SearchAction\",\"target\":{\"@type\":\"EntryPoint\",\"urlTemplate\":\"https:\/\/rite-edge.com\/?s={search_term_string}\"},\"query-input\":\"required name=search_term_string\"}],\"inLanguage\":\"fr-FR\"},{\"@type\":\"WebPage\",\"@id\":\"https:\/\/rite-edge.com\/fr\/#webpage\",\"url\":\"https:\/\/rite-edge.com\/fr\/\",\"name\":\"BORDURES PAYSAG\u00c8RES SUP\u00c9RIEURES EN ALUMINIUM RITE EDGE - Rite-Edge\",\"isPartOf\":{\"@id\":\"https:\/\/rite-edge.com\/#website\"},\"datePublished\":\"2021-04-27T15:09:02+00:00\",\"dateModified\":\"2021-10-21T09:02:28+00:00\",\"description\":\"Rite-Edge est une solution durable et de haute qualit\u00e9 pour cr\u00e9er des bordures de pelouse, des bordures de jardin, des bordures paysag\u00e8res et plus encore. Rite-Edge est fabriqu\u00e9 dans notre usine au Royaume-Uni et en Belgique. Ayant \u00e9t\u00e9 con\u00e7u par des architectes paysagistes et prim\u00e9 \u00e0 plusieurs reprises, notre RITE-EDGE est parfaitement adapt\u00e9 pour la conception d\u2019espaces paysagers professionnels comme les bords visibles de pelouses, les bordures, les lits et les all\u00e9es, permettant de fa\u00e7onner un jardin \u00e0 l\u2019allure impeccable et soign\u00e9e avec des lignes droites et des angles parfaits ainsi que des superbes courbes et formes.\",\"breadcrumb\":{\"@id\":\"https:\/\/rite-edge.com\/fr\/#breadcrumb\"},\"inLanguage\":\"fr-FR\",\"potentialAction\":[{\"@type\":\"ReadAction\",\"target\":[\"https:\/\/rite-edge.com\/fr\/\"]}]},{\"@type\":\"BreadcrumbList\",\"@id\":\"https:\/\/rite-edge.com\/fr\/#breadcrumb\",\"itemListElement\":[{\"@type\":\"ListItem\",\"position\":1,\"name\":\"Home\",\"item\":\"https:\/\/rite-edge.com\/fr\/\"},{\"@type\":\"ListItem\",\"position\":2,\"name\":\"BORDURES PAYSAG\u00c8RES SUP\u00c9RIEURES EN ALUMINIUM RITE EDGE\"}]}]}<\/script>\n<!-- \/ Yoast SEO plugin. -->","yoast_head_json":{"title":"BORDURES PAYSAG\u00c8RES SUP\u00c9RIEURES EN ALUMINIUM RITE EDGE - Rite-Edge","description":"Rite-Edge est une solution durable et de haute qualit\u00e9 pour cr\u00e9er des bordures de pelouse, des bordures de jardin, des bordures paysag\u00e8res et plus encore. Rite-Edge est fabriqu\u00e9 dans notre usine au Royaume-Uni et en Belgique. Ayant \u00e9t\u00e9 con\u00e7u par des architectes paysagistes et prim\u00e9 \u00e0 plusieurs reprises, notre RITE-EDGE est parfaitement adapt\u00e9 pour la conception d\u2019espaces paysagers professionnels comme les bords visibles de pelouses, les bordures, les lits et les all\u00e9es, permettant de fa\u00e7onner un jardin \u00e0 l\u2019allure impeccable et soign\u00e9e avec des lignes droites et des angles parfaits ainsi que des superbes courbes et formes.","robots":{"index":"index","follow":"follow","max-snippet":"max-snippet:-1","max-image-preview":"max-image-preview:large","max-video-preview":"max-video-preview:-1"},"canonical":"https:\/\/rite-edge.com\/fr\/","og_locale":"fr_FR","og_type":"article","og_title":"BORDURES PAYSAG\u00c8RES SUP\u00c9RIEURES EN ALUMINIUM RITE EDGE - Rite-Edge","og_description":"Rite-Edge est une solution durable et de haute qualit\u00e9 pour cr\u00e9er des bordures de pelouse, des bordures de jardin, des bordures paysag\u00e8res et plus encore. Rite-Edge est fabriqu\u00e9 dans notre usine au Royaume-Uni et en Belgique. Ayant \u00e9t\u00e9 con\u00e7u par des architectes paysagistes et prim\u00e9 \u00e0 plusieurs reprises, notre RITE-EDGE est parfaitement adapt\u00e9 pour la conception d\u2019espaces paysagers professionnels comme les bords visibles de pelouses, les bordures, les lits et les all\u00e9es, permettant de fa\u00e7onner un jardin \u00e0 l\u2019allure impeccable et soign\u00e9e avec des lignes droites et des angles parfaits ainsi que des superbes courbes et formes.","og_url":"https:\/\/rite-edge.com\/fr\/","og_site_name":"Rite-Edge","article_modified_time":"2021-10-21T09:02:28+00:00","twitter_card":"summary_large_image","twitter_misc":{"Dur\u00e9e de lecture estim\u00e9e":"1 minute"},"schema":{"@context":"https:\/\/schema.org","@graph":[{"@type":"WebSite","@id":"https:\/\/rite-edge.com\/#website","url":"https:\/\/rite-edge.com\/","name":"Rite-Edge","description":"Rite-Edge est une solution durable et de haute qualit\u00e9 pour cr\u00e9er des bordures de pelouse, des bordures de jardin, des bordures paysag\u00e8res et plus encore. Rite-Edge est fabriqu\u00e9 dans notre usine au Royaume-Uni et en Belgique.","potentialAction":[{"@type":"SearchAction","target":{"@type":"EntryPoint","urlTemplate":"https:\/\/rite-edge.com\/?s={search_term_string}"},"query-input":"required name=search_term_string"}],"inLanguage":"fr-FR"},{"@type":"WebPage","@id":"https:\/\/rite-edge.com\/fr\/#webpage","url":"https:\/\/rite-edge.com\/fr\/","name":"BORDURES PAYSAG\u00c8RES SUP\u00c9RIEURES EN ALUMINIUM RITE EDGE - Rite-Edge","isPartOf":{"@id":"https:\/\/rite-edge.com\/#website"},"datePublished":"2021-04-27T15:09:02+00:00","dateModified":"2021-10-21T09:02:28+00:00","description":"Rite-Edge est une solution durable et de haute qualit\u00e9 pour cr\u00e9er des bordures de pelouse, des bordures de jardin, des bordures paysag\u00e8res et plus encore. Rite-Edge est fabriqu\u00e9 dans notre usine au Royaume-Uni et en Belgique. Ayant \u00e9t\u00e9 con\u00e7u par des architectes paysagistes et prim\u00e9 \u00e0 plusieurs reprises, notre RITE-EDGE est parfaitement adapt\u00e9 pour la conception d\u2019espaces paysagers professionnels comme les bords visibles de pelouses, les bordures, les lits et les all\u00e9es, permettant de fa\u00e7onner un jardin \u00e0 l\u2019allure impeccable et soign\u00e9e avec des lignes droites et des angles parfaits ainsi que des superbes courbes et formes.","breadcrumb":{"@id":"https:\/\/rite-edge.com\/fr\/#breadcrumb"},"inLanguage":"fr-FR","potentialAction":[{"@type":"ReadAction","target":["https:\/\/rite-edge.com\/fr\/"]}]},{"@type":"BreadcrumbList","@id":"https:\/\/rite-edge.com\/fr\/#breadcrumb","itemListElement":[{"@type":"ListItem","position":1,"name":"Home","item":"https:\/\/rite-edge.com\/fr\/"},{"@type":"ListItem","position":2,"name":"BORDURES PAYSAG\u00c8RES SUP\u00c9RIEURES EN ALUMINIUM RITE EDGE"}]}]}},"_links":{"self":[{"href":"https:\/\/rite-edge.com\/fr\/wp-json\/wp\/v2\/pages\/872"}],"collection":[{"href":"https:\/\/rite-edge.com\/fr\/wp-json\/wp\/v2\/pages"}],"about":[{"href":"https:\/\/rite-edge.com\/fr\/wp-json\/wp\/v2\/types\/page"}],"author":[{"embeddable":true,"href":"https:\/\/rite-edge.com\/fr\/wp-json\/wp\/v2\/users\/1"}],"replies":[{"embeddable":true,"href":"https:\/\/rite-edge.com\/fr\/wp-json\/wp\/v2\/comments?post=872"}],"version-history":[{"count":8,"href":"https:\/\/rite-edge.com\/fr\/wp-json\/wp\/v2\/pages\/872\/revisions"}],"predecessor-version":[{"id":881,"href":"https:\/\/rite-edge.com\/fr\/wp-json\/wp\/v2\/pages\/872\/revisions\/881"}],"wp:attachment":[{"href":"https:\/\/rite-edge.com\/fr\/wp-json\/wp\/v2\/media?parent=872"}],"curies":[{"name":"wp","href":"https:\/\/api.w.org\/{rel}","templated":true}]}}