{"id":884,"date":"2021-10-22T13:45:21","date_gmt":"2021-10-22T12:45:21","guid":{"rendered":"https:\/\/rite-edge.com\/a-propos\/"},"modified":"2021-10-22T13:45:22","modified_gmt":"2021-10-22T12:45:22","slug":"a-propos","status":"publish","type":"page","link":"https:\/\/rite-edge.com\/fr\/a-propos\/","title":{"rendered":"\u00c0 PROPOS"},"content":{"rendered":"\n<p>Rainbow Professional Ltd a acquis les droits de distribution mondiaux de Rite-Edge en janvier 2001. Bas\u00e9e \u00e0 Hull, East Yorkshire, Angletter et \u00e0 Wevelgem, Belgique, Rainbow Professional est sp\u00e9cialis\u00e9e dans la fabrication et la distribution d&rsquo;une large gamme de produits d&rsquo;am\u00e9nagement paysager respectueux de l&rsquo;environnement, dont Rite Edge fait partie.<\/p>\n\n<p>Rite-Edge est une solution durable et de haute qualit\u00e9 pour cr\u00e9er des bordures de pelouse, des bordures de jardin, des bordures paysag\u00e8res et plus encore. Ayant \u00e9t\u00e9 con\u00e7u par des architectes paysagistes et prim\u00e9 \u00e0 plusieurs reprises, notre RITE-EDGE est parfaitement adapt\u00e9 pour la conception d\u2019espaces paysagers professionnels comme les bords visibles de pelouses, les bordures, les lits et les all\u00e9es, permettant de fa\u00e7onner un jardin \u00e0 l\u2019allure impeccable et soign\u00e9e avec des lignes droites et des angles parfaits ainsi que des superbes courbes et formes. Maintenu solidement en place avec des piquets de fixation barbel\u00e9s, RITE-EDGE est fabriqu\u00e9 \u00e0 partir d&rsquo;un alliage d&rsquo;aluminium de qualit\u00e9 a\u00e9ronautique con\u00e7u pour durer au moins 27 ans, assurant ainsi aucune crainte de besoin de peinture, de coloration, de rouille ou de remplacement.<\/p>\n","protected":false},"excerpt":{"rendered":"<p>Rainbow Professional Ltd a acquis les droits de distribution mondiaux de Rite-Edge en janvier 2001. Bas\u00e9e \u00e0 Hull, East Yorkshire, Angletter et \u00e0 Wevelgem, Belgique, Rainbow Professional est sp\u00e9cialis\u00e9e dans la fabrication et la distribution d&rsquo;une large gamme de produits d&rsquo;am\u00e9nagement paysager respectueux de l&rsquo;environnement, dont Rite Edge fait partie. Rite-Edge est une solution durable [&hellip;]<\/p>\n","protected":false},"author":1,"featured_media":885,"parent":0,"menu_order":0,"comment_status":"closed","ping_status":"closed","template":"template-page-with-case-studies-preview.php","meta":[],"acf":[],"yoast_head":"<!-- This site is optimized with the Yoast SEO plugin v18.4.1 - https:\/\/yoast.com\/wordpress\/plugins\/seo\/ -->\n<title>\u00c0 PROPOS - Rite-Edge<\/title>\n<meta name=\"robots\" content=\"index, follow, max-snippet:-1, max-image-preview:large, max-video-preview:-1\" \/>\n<link rel=\"canonical\" href=\"https:\/\/rite-edge.com\/fr\/a-propos\/\" \/>\n<meta property=\"og:locale\" content=\"fr_FR\" \/>\n<meta property=\"og:type\" content=\"article\" \/>\n<meta property=\"og:title\" content=\"\u00c0 PROPOS - Rite-Edge\" \/>\n<meta property=\"og:description\" content=\"Rainbow Professional Ltd a acquis les droits de distribution mondiaux de Rite-Edge en janvier 2001. Bas\u00e9e \u00e0 Hull, East Yorkshire, Angletter et \u00e0 Wevelgem, Belgique, Rainbow Professional est sp\u00e9cialis\u00e9e dans la fabrication et la distribution d&rsquo;une large gamme de produits d&rsquo;am\u00e9nagement paysager respectueux de l&rsquo;environnement, dont Rite Edge fait partie. Rite-Edge est une solution durable [&hellip;]\" \/>\n<meta property=\"og:url\" content=\"https:\/\/rite-edge.com\/fr\/a-propos\/\" \/>\n<meta property=\"og:site_name\" content=\"Rite-Edge\" \/>\n<meta property=\"article:modified_time\" content=\"2021-10-22T12:45:22+00:00\" \/>\n<meta property=\"og:image\" content=\"https:\/\/rite-edge.com\/wp-content\/uploads\/2021\/05\/asphalt-surfaces.jpg\" \/>\n\t<meta property=\"og:image:width\" content=\"1920\" \/>\n\t<meta property=\"og:image:height\" content=\"640\" \/>\n\t<meta property=\"og:image:type\" content=\"image\/jpeg\" \/>\n<meta name=\"twitter:card\" content=\"summary_large_image\" \/>\n<meta name=\"twitter:label1\" content=\"Dur\u00e9e de lecture estim\u00e9e\" \/>\n\t<meta name=\"twitter:data1\" content=\"1 minute\" \/>\n<script type=\"application\/ld+json\" class=\"yoast-schema-graph\">{\"@context\":\"https:\/\/schema.org\",\"@graph\":[{\"@type\":\"WebSite\",\"@id\":\"https:\/\/rite-edge.com\/#website\",\"url\":\"https:\/\/rite-edge.com\/\",\"name\":\"Rite-Edge\",\"description\":\"Rite-Edge est une solution durable et de haute qualit\u00e9 pour cr\u00e9er des bordures de pelouse, des bordures de jardin, des bordures paysag\u00e8res et plus encore. Rite-Edge est fabriqu\u00e9 dans notre usine au Royaume-Uni et en Belgique.\",\"potentialAction\":[{\"@type\":\"SearchAction\",\"target\":{\"@type\":\"EntryPoint\",\"urlTemplate\":\"https:\/\/rite-edge.com\/?s={search_term_string}\"},\"query-input\":\"required name=search_term_string\"}],\"inLanguage\":\"fr-FR\"},{\"@type\":\"ImageObject\",\"@id\":\"https:\/\/rite-edge.com\/fr\/a-propos\/#primaryimage\",\"inLanguage\":\"fr-FR\",\"url\":\"https:\/\/rite-edge.com\/wp-content\/uploads\/2021\/05\/asphalt-surfaces.jpg\",\"contentUrl\":\"https:\/\/rite-edge.com\/wp-content\/uploads\/2021\/05\/asphalt-surfaces.jpg\",\"width\":1920,\"height\":640},{\"@type\":\"WebPage\",\"@id\":\"https:\/\/rite-edge.com\/fr\/a-propos\/#webpage\",\"url\":\"https:\/\/rite-edge.com\/fr\/a-propos\/\",\"name\":\"\u00c0 PROPOS - Rite-Edge\",\"isPartOf\":{\"@id\":\"https:\/\/rite-edge.com\/#website\"},\"primaryImageOfPage\":{\"@id\":\"https:\/\/rite-edge.com\/fr\/a-propos\/#primaryimage\"},\"datePublished\":\"2021-10-22T12:45:21+00:00\",\"dateModified\":\"2021-10-22T12:45:22+00:00\",\"breadcrumb\":{\"@id\":\"https:\/\/rite-edge.com\/fr\/a-propos\/#breadcrumb\"},\"inLanguage\":\"fr-FR\",\"potentialAction\":[{\"@type\":\"ReadAction\",\"target\":[\"https:\/\/rite-edge.com\/fr\/a-propos\/\"]}]},{\"@type\":\"BreadcrumbList\",\"@id\":\"https:\/\/rite-edge.com\/fr\/a-propos\/#breadcrumb\",\"itemListElement\":[{\"@type\":\"ListItem\",\"position\":1,\"name\":\"Home\",\"item\":\"https:\/\/rite-edge.com\/fr\/\"},{\"@type\":\"ListItem\",\"position\":2,\"name\":\"\u00c0 PROPOS\"}]}]}<\/script>\n<!-- \/ Yoast SEO plugin. -->","yoast_head_json":{"title":"\u00c0 PROPOS - Rite-Edge","robots":{"index":"index","follow":"follow","max-snippet":"max-snippet:-1","max-image-preview":"max-image-preview:large","max-video-preview":"max-video-preview:-1"},"canonical":"https:\/\/rite-edge.com\/fr\/a-propos\/","og_locale":"fr_FR","og_type":"article","og_title":"\u00c0 PROPOS - Rite-Edge","og_description":"Rainbow Professional Ltd a acquis les droits de distribution mondiaux de Rite-Edge en janvier 2001. Bas\u00e9e \u00e0 Hull, East Yorkshire, Angletter et \u00e0 Wevelgem, Belgique, Rainbow Professional est sp\u00e9cialis\u00e9e dans la fabrication et la distribution d&rsquo;une large gamme de produits d&rsquo;am\u00e9nagement paysager respectueux de l&rsquo;environnement, dont Rite Edge fait partie. Rite-Edge est une solution durable [&hellip;]","og_url":"https:\/\/rite-edge.com\/fr\/a-propos\/","og_site_name":"Rite-Edge","article_modified_time":"2021-10-22T12:45:22+00:00","og_image":[{"width":1920,"height":640,"url":"https:\/\/rite-edge.com\/wp-content\/uploads\/2021\/05\/asphalt-surfaces.jpg","type":"image\/jpeg"}],"twitter_card":"summary_large_image","twitter_misc":{"Dur\u00e9e de lecture estim\u00e9e":"1 minute"},"schema":{"@context":"https:\/\/schema.org","@graph":[{"@type":"WebSite","@id":"https:\/\/rite-edge.com\/#website","url":"https:\/\/rite-edge.com\/","name":"Rite-Edge","description":"Rite-Edge est une solution durable et de haute qualit\u00e9 pour cr\u00e9er des bordures de pelouse, des bordures de jardin, des bordures paysag\u00e8res et plus encore. Rite-Edge est fabriqu\u00e9 dans notre usine au Royaume-Uni et en Belgique.","potentialAction":[{"@type":"SearchAction","target":{"@type":"EntryPoint","urlTemplate":"https:\/\/rite-edge.com\/?s={search_term_string}"},"query-input":"required name=search_term_string"}],"inLanguage":"fr-FR"},{"@type":"ImageObject","@id":"https:\/\/rite-edge.com\/fr\/a-propos\/#primaryimage","inLanguage":"fr-FR","url":"https:\/\/rite-edge.com\/wp-content\/uploads\/2021\/05\/asphalt-surfaces.jpg","contentUrl":"https:\/\/rite-edge.com\/wp-content\/uploads\/2021\/05\/asphalt-surfaces.jpg","width":1920,"height":640},{"@type":"WebPage","@id":"https:\/\/rite-edge.com\/fr\/a-propos\/#webpage","url":"https:\/\/rite-edge.com\/fr\/a-propos\/","name":"\u00c0 PROPOS - Rite-Edge","isPartOf":{"@id":"https:\/\/rite-edge.com\/#website"},"primaryImageOfPage":{"@id":"https:\/\/rite-edge.com\/fr\/a-propos\/#primaryimage"},"datePublished":"2021-10-22T12:45:21+00:00","dateModified":"2021-10-22T12:45:22+00:00","breadcrumb":{"@id":"https:\/\/rite-edge.com\/fr\/a-propos\/#breadcrumb"},"inLanguage":"fr-FR","potentialAction":[{"@type":"ReadAction","target":["https:\/\/rite-edge.com\/fr\/a-propos\/"]}]},{"@type":"BreadcrumbList","@id":"https:\/\/rite-edge.com\/fr\/a-propos\/#breadcrumb","itemListElement":[{"@type":"ListItem","position":1,"name":"Home","item":"https:\/\/rite-edge.com\/fr\/"},{"@type":"ListItem","position":2,"name":"\u00c0 PROPOS"}]}]}},"_links":{"self":[{"href":"https:\/\/rite-edge.com\/fr\/wp-json\/wp\/v2\/pages\/884"}],"collection":[{"href":"https:\/\/rite-edge.com\/fr\/wp-json\/wp\/v2\/pages"}],"about":[{"href":"https:\/\/rite-edge.com\/fr\/wp-json\/wp\/v2\/types\/page"}],"author":[{"embeddable":true,"href":"https:\/\/rite-edge.com\/fr\/wp-json\/wp\/v2\/users\/1"}],"replies":[{"embeddable":true,"href":"https:\/\/rite-edge.com\/fr\/wp-json\/wp\/v2\/comments?post=884"}],"version-history":[{"count":1,"href":"https:\/\/rite-edge.com\/fr\/wp-json\/wp\/v2\/pages\/884\/revisions"}],"predecessor-version":[{"id":886,"href":"https:\/\/rite-edge.com\/fr\/wp-json\/wp\/v2\/pages\/884\/revisions\/886"}],"wp:featuredmedia":[{"embeddable":true,"href":"https:\/\/rite-edge.com\/fr\/wp-json\/wp\/v2\/media\/885"}],"wp:attachment":[{"href":"https:\/\/rite-edge.com\/fr\/wp-json\/wp\/v2\/media?parent=884"}],"curies":[{"name":"wp","href":"https:\/\/api.w.org\/{rel}","templated":true}]}}