{"id":901,"date":"2021-10-22T14:06:07","date_gmt":"2021-10-22T13:06:07","guid":{"rendered":"https:\/\/rite-edge.com\/nous-contacter\/"},"modified":"2021-10-22T14:06:09","modified_gmt":"2021-10-22T13:06:09","slug":"nous-contacter","status":"publish","type":"page","link":"https:\/\/rite-edge.com\/fr\/nous-contacter\/","title":{"rendered":"Nous contacter"},"content":{"rendered":"\n<div class=\"wp-block-columns\">\n<div class=\"wp-block-column\">\n<h2>VENTE ET SERVICE<\/h2>\n\n\n\n<p>Veuillez envoyer un courriel \u00e0 <a href=\"mailto:sales@rite-edge.co\">sales@rite-edge.co<\/a>.uk ou appeler le 01482 616861 pour toute nouvelle requ\u00eate de vente ou de service.<\/p>\n\n\n\n<h2>O\u00d9 NOUS TROUVER<\/h2>\n\n\n\n<p>Nos bureaux sont situ\u00e9s au<br\/><strong>131 Cumberland Street, Hull, HU2 0PP, United Kingdom<\/strong>.<\/p>\n<\/div>\n\n\n\n<div class=\"wp-block-column\">\n<h2>CARRI\u00c8RES<\/h2>\n\n\n\n<p>Veuillez envoyer un courriel \u00e0 <a href=\"mailto:careers@rite-edge.co.uk\">careers@rite-edge.co.uk<\/a> si vous souhaitez travailler pour nous.<\/p>\n\n\n\n<h2>DEMANDES D\u2019INFORMATIONS<\/h2>\n\n\n\n<p>Pour toute autre demande, veuillez envoyer un courriel \u00e0 <a href=\"mailto:info@rite-edge.co.uk\">info@rite-edge.co.uk<\/a>.<\/p>\n<\/div>\n<\/div>\n\n<hr class=\"wp-block-separator\"\/>\n\n<h2>INFORMATIONS DE LIVRAISON<\/h2>\n\n<p>Le d\u00e9lai de livraison standard est de 2 \u00e0 3 jours ouvrables. Si vous souhaitez recevoir votre commande en urgence, nous proposons un service de livraison pour le lendemain moyennant des frais suppl\u00e9mentaires, avec devis sur demande. Pour utiliser cette option pour les commandes en ligne, vous devrez appeler notre bureau de vente (01482 616861) au moment de passer votre commande ou avant midi le jour ouvrable suivant. <\/p>\n","protected":false},"excerpt":{"rendered":"<p>VENTE ET SERVICE Veuillez envoyer un courriel \u00e0 sales@rite-edge.co.uk ou appeler le 01482 616861 pour toute nouvelle requ\u00eate de vente ou de service. O\u00d9 NOUS TROUVER Nos bureaux sont situ\u00e9s au131 Cumberland Street, Hull, HU2 0PP, United Kingdom. CARRI\u00c8RES Veuillez envoyer un courriel \u00e0 careers@rite-edge.co.uk si vous souhaitez travailler pour nous. DEMANDES D\u2019INFORMATIONS Pour toute [&hellip;]<\/p>\n","protected":false},"author":1,"featured_media":902,"parent":0,"menu_order":0,"comment_status":"closed","ping_status":"closed","template":"template-contact-page.php","meta":[],"acf":[],"yoast_head":"<!-- This site is optimized with the Yoast SEO plugin v18.4.1 - https:\/\/yoast.com\/wordpress\/plugins\/seo\/ -->\n<title>Nous contacter - Rite-Edge<\/title>\n<meta name=\"robots\" content=\"index, follow, max-snippet:-1, max-image-preview:large, max-video-preview:-1\" \/>\n<link rel=\"canonical\" href=\"https:\/\/rite-edge.com\/fr\/nous-contacter\/\" \/>\n<meta property=\"og:locale\" content=\"fr_FR\" \/>\n<meta property=\"og:type\" content=\"article\" \/>\n<meta property=\"og:title\" content=\"Nous contacter - Rite-Edge\" \/>\n<meta property=\"og:description\" content=\"VENTE ET SERVICE Veuillez envoyer un courriel \u00e0 sales@rite-edge.co.uk ou appeler le 01482 616861 pour toute nouvelle requ\u00eate de vente ou de service. O\u00d9 NOUS TROUVER Nos bureaux sont situ\u00e9s au131 Cumberland Street, Hull, HU2 0PP, United Kingdom. CARRI\u00c8RES Veuillez envoyer un courriel \u00e0 careers@rite-edge.co.uk si vous souhaitez travailler pour nous. DEMANDES D\u2019INFORMATIONS Pour toute [&hellip;]\" \/>\n<meta property=\"og:url\" content=\"https:\/\/rite-edge.com\/fr\/nous-contacter\/\" \/>\n<meta property=\"og:site_name\" content=\"Rite-Edge\" \/>\n<meta property=\"article:modified_time\" content=\"2021-10-22T13:06:09+00:00\" \/>\n<meta property=\"og:image\" content=\"https:\/\/rite-edge.com\/wp-content\/uploads\/2021\/05\/Maintenance-strip-1.jpg\" \/>\n\t<meta property=\"og:image:width\" content=\"1920\" \/>\n\t<meta property=\"og:image:height\" content=\"640\" \/>\n\t<meta property=\"og:image:type\" content=\"image\/jpeg\" \/>\n<meta name=\"twitter:card\" content=\"summary_large_image\" \/>\n<meta name=\"twitter:label1\" content=\"Dur\u00e9e de lecture estim\u00e9e\" \/>\n\t<meta name=\"twitter:data1\" content=\"1 minute\" \/>\n<script type=\"application\/ld+json\" class=\"yoast-schema-graph\">{\"@context\":\"https:\/\/schema.org\",\"@graph\":[{\"@type\":\"WebSite\",\"@id\":\"https:\/\/rite-edge.com\/#website\",\"url\":\"https:\/\/rite-edge.com\/\",\"name\":\"Rite-Edge\",\"description\":\"Rite-Edge est une solution durable et de haute qualit\u00e9 pour cr\u00e9er des bordures de pelouse, des bordures de jardin, des bordures paysag\u00e8res et plus encore. Rite-Edge est fabriqu\u00e9 dans notre usine au Royaume-Uni et en Belgique.\",\"potentialAction\":[{\"@type\":\"SearchAction\",\"target\":{\"@type\":\"EntryPoint\",\"urlTemplate\":\"https:\/\/rite-edge.com\/?s={search_term_string}\"},\"query-input\":\"required name=search_term_string\"}],\"inLanguage\":\"fr-FR\"},{\"@type\":\"ImageObject\",\"@id\":\"https:\/\/rite-edge.com\/fr\/nous-contacter\/#primaryimage\",\"inLanguage\":\"fr-FR\",\"url\":\"https:\/\/rite-edge.com\/wp-content\/uploads\/2021\/05\/Maintenance-strip-1.jpg\",\"contentUrl\":\"https:\/\/rite-edge.com\/wp-content\/uploads\/2021\/05\/Maintenance-strip-1.jpg\",\"width\":1920,\"height\":640},{\"@type\":\"WebPage\",\"@id\":\"https:\/\/rite-edge.com\/fr\/nous-contacter\/#webpage\",\"url\":\"https:\/\/rite-edge.com\/fr\/nous-contacter\/\",\"name\":\"Nous contacter - Rite-Edge\",\"isPartOf\":{\"@id\":\"https:\/\/rite-edge.com\/#website\"},\"primaryImageOfPage\":{\"@id\":\"https:\/\/rite-edge.com\/fr\/nous-contacter\/#primaryimage\"},\"datePublished\":\"2021-10-22T13:06:07+00:00\",\"dateModified\":\"2021-10-22T13:06:09+00:00\",\"breadcrumb\":{\"@id\":\"https:\/\/rite-edge.com\/fr\/nous-contacter\/#breadcrumb\"},\"inLanguage\":\"fr-FR\",\"potentialAction\":[{\"@type\":\"ReadAction\",\"target\":[\"https:\/\/rite-edge.com\/fr\/nous-contacter\/\"]}]},{\"@type\":\"BreadcrumbList\",\"@id\":\"https:\/\/rite-edge.com\/fr\/nous-contacter\/#breadcrumb\",\"itemListElement\":[{\"@type\":\"ListItem\",\"position\":1,\"name\":\"Home\",\"item\":\"https:\/\/rite-edge.com\/fr\/\"},{\"@type\":\"ListItem\",\"position\":2,\"name\":\"Nous contacter\"}]}]}<\/script>\n<!-- \/ Yoast SEO plugin. -->","yoast_head_json":{"title":"Nous contacter - Rite-Edge","robots":{"index":"index","follow":"follow","max-snippet":"max-snippet:-1","max-image-preview":"max-image-preview:large","max-video-preview":"max-video-preview:-1"},"canonical":"https:\/\/rite-edge.com\/fr\/nous-contacter\/","og_locale":"fr_FR","og_type":"article","og_title":"Nous contacter - Rite-Edge","og_description":"VENTE ET SERVICE Veuillez envoyer un courriel \u00e0 sales@rite-edge.co.uk ou appeler le 01482 616861 pour toute nouvelle requ\u00eate de vente ou de service. O\u00d9 NOUS TROUVER Nos bureaux sont situ\u00e9s au131 Cumberland Street, Hull, HU2 0PP, United Kingdom. CARRI\u00c8RES Veuillez envoyer un courriel \u00e0 careers@rite-edge.co.uk si vous souhaitez travailler pour nous. DEMANDES D\u2019INFORMATIONS Pour toute [&hellip;]","og_url":"https:\/\/rite-edge.com\/fr\/nous-contacter\/","og_site_name":"Rite-Edge","article_modified_time":"2021-10-22T13:06:09+00:00","og_image":[{"width":1920,"height":640,"url":"https:\/\/rite-edge.com\/wp-content\/uploads\/2021\/05\/Maintenance-strip-1.jpg","type":"image\/jpeg"}],"twitter_card":"summary_large_image","twitter_misc":{"Dur\u00e9e de lecture estim\u00e9e":"1 minute"},"schema":{"@context":"https:\/\/schema.org","@graph":[{"@type":"WebSite","@id":"https:\/\/rite-edge.com\/#website","url":"https:\/\/rite-edge.com\/","name":"Rite-Edge","description":"Rite-Edge est une solution durable et de haute qualit\u00e9 pour cr\u00e9er des bordures de pelouse, des bordures de jardin, des bordures paysag\u00e8res et plus encore. Rite-Edge est fabriqu\u00e9 dans notre usine au Royaume-Uni et en Belgique.","potentialAction":[{"@type":"SearchAction","target":{"@type":"EntryPoint","urlTemplate":"https:\/\/rite-edge.com\/?s={search_term_string}"},"query-input":"required name=search_term_string"}],"inLanguage":"fr-FR"},{"@type":"ImageObject","@id":"https:\/\/rite-edge.com\/fr\/nous-contacter\/#primaryimage","inLanguage":"fr-FR","url":"https:\/\/rite-edge.com\/wp-content\/uploads\/2021\/05\/Maintenance-strip-1.jpg","contentUrl":"https:\/\/rite-edge.com\/wp-content\/uploads\/2021\/05\/Maintenance-strip-1.jpg","width":1920,"height":640},{"@type":"WebPage","@id":"https:\/\/rite-edge.com\/fr\/nous-contacter\/#webpage","url":"https:\/\/rite-edge.com\/fr\/nous-contacter\/","name":"Nous contacter - Rite-Edge","isPartOf":{"@id":"https:\/\/rite-edge.com\/#website"},"primaryImageOfPage":{"@id":"https:\/\/rite-edge.com\/fr\/nous-contacter\/#primaryimage"},"datePublished":"2021-10-22T13:06:07+00:00","dateModified":"2021-10-22T13:06:09+00:00","breadcrumb":{"@id":"https:\/\/rite-edge.com\/fr\/nous-contacter\/#breadcrumb"},"inLanguage":"fr-FR","potentialAction":[{"@type":"ReadAction","target":["https:\/\/rite-edge.com\/fr\/nous-contacter\/"]}]},{"@type":"BreadcrumbList","@id":"https:\/\/rite-edge.com\/fr\/nous-contacter\/#breadcrumb","itemListElement":[{"@type":"ListItem","position":1,"name":"Home","item":"https:\/\/rite-edge.com\/fr\/"},{"@type":"ListItem","position":2,"name":"Nous contacter"}]}]}},"_links":{"self":[{"href":"https:\/\/rite-edge.com\/fr\/wp-json\/wp\/v2\/pages\/901"}],"collection":[{"href":"https:\/\/rite-edge.com\/fr\/wp-json\/wp\/v2\/pages"}],"about":[{"href":"https:\/\/rite-edge.com\/fr\/wp-json\/wp\/v2\/types\/page"}],"author":[{"embeddable":true,"href":"https:\/\/rite-edge.com\/fr\/wp-json\/wp\/v2\/users\/1"}],"replies":[{"embeddable":true,"href":"https:\/\/rite-edge.com\/fr\/wp-json\/wp\/v2\/comments?post=901"}],"version-history":[{"count":1,"href":"https:\/\/rite-edge.com\/fr\/wp-json\/wp\/v2\/pages\/901\/revisions"}],"predecessor-version":[{"id":903,"href":"https:\/\/rite-edge.com\/fr\/wp-json\/wp\/v2\/pages\/901\/revisions\/903"}],"wp:featuredmedia":[{"embeddable":true,"href":"https:\/\/rite-edge.com\/fr\/wp-json\/wp\/v2\/media\/902"}],"wp:attachment":[{"href":"https:\/\/rite-edge.com\/fr\/wp-json\/wp\/v2\/media?parent=901"}],"curies":[{"name":"wp","href":"https:\/\/api.w.org\/{rel}","templated":true}]}}