{"id":905,"date":"2021-10-22T14:16:35","date_gmt":"2021-10-22T13:16:35","guid":{"rendered":"https:\/\/rite-edge.com\/informations-de-livraison\/"},"modified":"2021-10-22T14:16:36","modified_gmt":"2021-10-22T13:16:36","slug":"informations-de-livraison","status":"publish","type":"page","link":"https:\/\/rite-edge.com\/fr\/informations-de-livraison\/","title":{"rendered":"INFORMATIONS DE LIVRAISON"},"content":{"rendered":"\n<p>Le d\u00e9lai de livraison standard est de 2 \u00e0 3 jours ouvrables. Si vous souhaitez recevoir votre commande en urgence, nous proposons un service de livraison pour le lendemain moyennant des frais suppl\u00e9mentaires, avec devis sur demande. Pour utiliser cette option pour les commandes en ligne, vous devrez appeler notre bureau de vente (01482 616861) au moment de passer votre commande ou avant midi le jour ouvrable suivant.<\/p>\n\n<p>Les d\u00e9lais de livraison peuvent augmenter autour des jours f\u00e9ri\u00e9s et des heures de pointe. Si votre produit est lourd, nos chauffeurs ne livreront qu&rsquo;au point de d\u00e9p\u00f4t le plus pratique.<\/p>\n\n<p>Si vous avez d&rsquo;autres exigences de livraison, veuillez nous contacter avant l&rsquo;exp\u00e9dition de votre commande. Assurez-vous de fournir un num\u00e9ro de t\u00e9l\u00e9phone au cas o\u00f9 le chauffeur aurait besoin de vous communiquer une information en rapport avec votre livraison. Si vous souhaitez que votre commande soit exp\u00e9di\u00e9e \u00e0 une adresse autre que l&rsquo;adresse de facturation, veuillez le pr\u00e9ciser lors de votre commande. Bien que nous nous efforcions de modifier les adresses de livraison erron\u00e9es une fois la commande pass\u00e9e, nous ne pouvons \u00eatre tenus responsables des retards de livraison si une adresse erron\u00e9e a \u00e9t\u00e9 indiqu\u00e9e par le client. Si le produit doit ensuite \u00eatre r\u00e9exp\u00e9di\u00e9 \u00e0 une nouvelle adresse, nous nous r\u00e9servons le droit de facturer des frais de livraison\/r\u00e9exp\u00e9dition le cas \u00e9ch\u00e9ant ; et nous nous r\u00e9servons \u00e9galement le droit de d\u00e9duire ces frais de tout remboursement effectu\u00e9 si la commande est ult\u00e9rieurement annul\u00e9e.<\/p>\n\n<p>Veuillez ne pas faire appel \u00e0 des installateurs\/entrepreneurs\/main-d&rsquo;\u0153uvre jusqu&rsquo;\u00e0 ce que vos mat\u00e9riaux soient sur place car nous ne sommes pas en mesure de vous d\u00e9dommager pour leur temps en cas de livraison tardive.<\/p>\n","protected":false},"excerpt":{"rendered":"<p>Le d\u00e9lai de livraison standard est de 2 \u00e0 3 jours ouvrables. Si vous souhaitez recevoir votre commande en urgence, nous proposons un service de livraison pour le lendemain moyennant des frais suppl\u00e9mentaires, avec devis sur demande. Pour utiliser cette option pour les commandes en ligne, vous devrez appeler notre bureau de vente (01482 616861) [&hellip;]<\/p>\n","protected":false},"author":2,"featured_media":0,"parent":0,"menu_order":0,"comment_status":"closed","ping_status":"open","template":"","meta":[],"acf":[],"yoast_head":"<!-- This site is optimized with the Yoast SEO plugin v18.4.1 - https:\/\/yoast.com\/wordpress\/plugins\/seo\/ -->\n<title>INFORMATIONS DE LIVRAISON - Rite-Edge<\/title>\n<meta name=\"robots\" content=\"index, follow, max-snippet:-1, max-image-preview:large, max-video-preview:-1\" \/>\n<link rel=\"canonical\" href=\"https:\/\/rite-edge.com\/fr\/informations-de-livraison\/\" \/>\n<meta property=\"og:locale\" content=\"fr_FR\" \/>\n<meta property=\"og:type\" content=\"article\" \/>\n<meta property=\"og:title\" content=\"INFORMATIONS DE LIVRAISON - Rite-Edge\" \/>\n<meta property=\"og:description\" content=\"Le d\u00e9lai de livraison standard est de 2 \u00e0 3 jours ouvrables. Si vous souhaitez recevoir votre commande en urgence, nous proposons un service de livraison pour le lendemain moyennant des frais suppl\u00e9mentaires, avec devis sur demande. Pour utiliser cette option pour les commandes en ligne, vous devrez appeler notre bureau de vente (01482 616861) [&hellip;]\" \/>\n<meta property=\"og:url\" content=\"https:\/\/rite-edge.com\/fr\/informations-de-livraison\/\" \/>\n<meta property=\"og:site_name\" content=\"Rite-Edge\" \/>\n<meta property=\"article:modified_time\" content=\"2021-10-22T13:16:36+00:00\" \/>\n<meta name=\"twitter:card\" content=\"summary_large_image\" \/>\n<meta name=\"twitter:label1\" content=\"Dur\u00e9e de lecture estim\u00e9e\" \/>\n\t<meta name=\"twitter:data1\" content=\"2 minutes\" \/>\n<script type=\"application\/ld+json\" class=\"yoast-schema-graph\">{\"@context\":\"https:\/\/schema.org\",\"@graph\":[{\"@type\":\"WebSite\",\"@id\":\"https:\/\/rite-edge.com\/#website\",\"url\":\"https:\/\/rite-edge.com\/\",\"name\":\"Rite-Edge\",\"description\":\"Rite-Edge est une solution durable et de haute qualit\u00e9 pour cr\u00e9er des bordures de pelouse, des bordures de jardin, des bordures paysag\u00e8res et plus encore. Rite-Edge est fabriqu\u00e9 dans notre usine au Royaume-Uni et en Belgique.\",\"potentialAction\":[{\"@type\":\"SearchAction\",\"target\":{\"@type\":\"EntryPoint\",\"urlTemplate\":\"https:\/\/rite-edge.com\/?s={search_term_string}\"},\"query-input\":\"required name=search_term_string\"}],\"inLanguage\":\"fr-FR\"},{\"@type\":\"WebPage\",\"@id\":\"https:\/\/rite-edge.com\/fr\/informations-de-livraison\/#webpage\",\"url\":\"https:\/\/rite-edge.com\/fr\/informations-de-livraison\/\",\"name\":\"INFORMATIONS DE LIVRAISON - Rite-Edge\",\"isPartOf\":{\"@id\":\"https:\/\/rite-edge.com\/#website\"},\"datePublished\":\"2021-10-22T13:16:35+00:00\",\"dateModified\":\"2021-10-22T13:16:36+00:00\",\"breadcrumb\":{\"@id\":\"https:\/\/rite-edge.com\/fr\/informations-de-livraison\/#breadcrumb\"},\"inLanguage\":\"fr-FR\",\"potentialAction\":[{\"@type\":\"ReadAction\",\"target\":[\"https:\/\/rite-edge.com\/fr\/informations-de-livraison\/\"]}]},{\"@type\":\"BreadcrumbList\",\"@id\":\"https:\/\/rite-edge.com\/fr\/informations-de-livraison\/#breadcrumb\",\"itemListElement\":[{\"@type\":\"ListItem\",\"position\":1,\"name\":\"Home\",\"item\":\"https:\/\/rite-edge.com\/fr\/\"},{\"@type\":\"ListItem\",\"position\":2,\"name\":\"INFORMATIONS DE LIVRAISON\"}]}]}<\/script>\n<!-- \/ Yoast SEO plugin. -->","yoast_head_json":{"title":"INFORMATIONS DE LIVRAISON - Rite-Edge","robots":{"index":"index","follow":"follow","max-snippet":"max-snippet:-1","max-image-preview":"max-image-preview:large","max-video-preview":"max-video-preview:-1"},"canonical":"https:\/\/rite-edge.com\/fr\/informations-de-livraison\/","og_locale":"fr_FR","og_type":"article","og_title":"INFORMATIONS DE LIVRAISON - Rite-Edge","og_description":"Le d\u00e9lai de livraison standard est de 2 \u00e0 3 jours ouvrables. Si vous souhaitez recevoir votre commande en urgence, nous proposons un service de livraison pour le lendemain moyennant des frais suppl\u00e9mentaires, avec devis sur demande. Pour utiliser cette option pour les commandes en ligne, vous devrez appeler notre bureau de vente (01482 616861) [&hellip;]","og_url":"https:\/\/rite-edge.com\/fr\/informations-de-livraison\/","og_site_name":"Rite-Edge","article_modified_time":"2021-10-22T13:16:36+00:00","twitter_card":"summary_large_image","twitter_misc":{"Dur\u00e9e de lecture estim\u00e9e":"2 minutes"},"schema":{"@context":"https:\/\/schema.org","@graph":[{"@type":"WebSite","@id":"https:\/\/rite-edge.com\/#website","url":"https:\/\/rite-edge.com\/","name":"Rite-Edge","description":"Rite-Edge est une solution durable et de haute qualit\u00e9 pour cr\u00e9er des bordures de pelouse, des bordures de jardin, des bordures paysag\u00e8res et plus encore. Rite-Edge est fabriqu\u00e9 dans notre usine au Royaume-Uni et en Belgique.","potentialAction":[{"@type":"SearchAction","target":{"@type":"EntryPoint","urlTemplate":"https:\/\/rite-edge.com\/?s={search_term_string}"},"query-input":"required name=search_term_string"}],"inLanguage":"fr-FR"},{"@type":"WebPage","@id":"https:\/\/rite-edge.com\/fr\/informations-de-livraison\/#webpage","url":"https:\/\/rite-edge.com\/fr\/informations-de-livraison\/","name":"INFORMATIONS DE LIVRAISON - Rite-Edge","isPartOf":{"@id":"https:\/\/rite-edge.com\/#website"},"datePublished":"2021-10-22T13:16:35+00:00","dateModified":"2021-10-22T13:16:36+00:00","breadcrumb":{"@id":"https:\/\/rite-edge.com\/fr\/informations-de-livraison\/#breadcrumb"},"inLanguage":"fr-FR","potentialAction":[{"@type":"ReadAction","target":["https:\/\/rite-edge.com\/fr\/informations-de-livraison\/"]}]},{"@type":"BreadcrumbList","@id":"https:\/\/rite-edge.com\/fr\/informations-de-livraison\/#breadcrumb","itemListElement":[{"@type":"ListItem","position":1,"name":"Home","item":"https:\/\/rite-edge.com\/fr\/"},{"@type":"ListItem","position":2,"name":"INFORMATIONS DE LIVRAISON"}]}]}},"_links":{"self":[{"href":"https:\/\/rite-edge.com\/fr\/wp-json\/wp\/v2\/pages\/905"}],"collection":[{"href":"https:\/\/rite-edge.com\/fr\/wp-json\/wp\/v2\/pages"}],"about":[{"href":"https:\/\/rite-edge.com\/fr\/wp-json\/wp\/v2\/types\/page"}],"author":[{"embeddable":true,"href":"https:\/\/rite-edge.com\/fr\/wp-json\/wp\/v2\/users\/2"}],"replies":[{"embeddable":true,"href":"https:\/\/rite-edge.com\/fr\/wp-json\/wp\/v2\/comments?post=905"}],"version-history":[{"count":1,"href":"https:\/\/rite-edge.com\/fr\/wp-json\/wp\/v2\/pages\/905\/revisions"}],"predecessor-version":[{"id":906,"href":"https:\/\/rite-edge.com\/fr\/wp-json\/wp\/v2\/pages\/905\/revisions\/906"}],"wp:attachment":[{"href":"https:\/\/rite-edge.com\/fr\/wp-json\/wp\/v2\/media?parent=905"}],"curies":[{"name":"wp","href":"https:\/\/api.w.org\/{rel}","templated":true}]}}