{"id":907,"date":"2021-10-22T14:19:50","date_gmt":"2021-10-22T13:19:50","guid":{"rendered":"https:\/\/rite-edge.com\/annulation-retours-remboursements\/"},"modified":"2021-10-22T14:19:51","modified_gmt":"2021-10-22T13:19:51","slug":"annulation-retours-remboursements","status":"publish","type":"page","link":"https:\/\/rite-edge.com\/fr\/annulation-retours-remboursements\/","title":{"rendered":"ANNULATION RETOURS REMBOURSEMENTS"},"content":{"rendered":"\n<p>Nous comprenons qu&rsquo;il peut arriver que vous souhaitiez nous retourner un produit. Nous avons une politique de retour sous 30 jours pour vous permettre de nous retourner les produits dans des circonstances appropri\u00e9es. Cette politique de retour s&rsquo;applique aux clients en Angleterre, en \u00c9cosse, en Irlande du Nord et au Pays de Galles.<\/p>\n\n<p>Vous pouvez annuler votre commande en nous donnant un avis d&rsquo;annulation dans les 30 jours suivant la date de livraison. Un tel avis peut \u00eatre envoy\u00e9 par courrier \u00e9lectronique ou par fax \u00e0 l&rsquo;adresse \u00e9lectronique ou au num\u00e9ro de fax indiqu\u00e9s sur notre site Web. Si vous souhaitez annuler votre commande en raison d&rsquo;un probl\u00e8me avec les marchandises, veuillez nous en informer au moment de l&rsquo;annulation.<\/p>\n\n<p>En cas d&rsquo;annulation, vous devez nous retourner les marchandises \u00e0 vos frais, sauf si les marchandises sont retourn\u00e9es du fait qu\u2019elles sont d\u00e9fectueuses ou incorrectes, auquel cas nous prendrons en charge les frais de retour mais nous vous demandons de nous permettre de s\u00e9lectionner le transporteur.<\/p>\n\n<p>Le produit retourn\u00e9 doit \u00eatre inutilis\u00e9, dans son emballage d&rsquo;origine, avec toutes les \u00e9tiquettes encore attach\u00e9es, et dans un \u00e9tat nous permettant de vendre le produit comme \u00e9tant neuf.<\/p>\n\n<p>Nous vous rembourserons le prix total de tout produit correctement retourn\u00e9 conform\u00e9ment aux modalit\u00e9s de cette politique de retour (\u00e0 l&rsquo;exclusion des frais de livraison d&rsquo;origine et \u00e0 l&rsquo;exclusion des frais de retour du produit).<\/p>\n\n<p>Nous rembourserons g\u00e9n\u00e9ralement tout argent re\u00e7u de votre part en utilisant la m\u00eame m\u00e9thode que vous avez utilis\u00e9e pour payer votre achat. Nous traiterons le remboursement qui vous est d\u00fb dans les plus brefs d\u00e9lais et, en tout \u00e9tat de cause, dans les 30 jours suivant la date de r\u00e9ception de votre produit retourn\u00e9.<\/p>\n","protected":false},"excerpt":{"rendered":"<p>Nous comprenons qu&rsquo;il peut arriver que vous souhaitiez nous retourner un produit. Nous avons une politique de retour sous 30 jours pour vous permettre de nous retourner les produits dans des circonstances appropri\u00e9es. Cette politique de retour s&rsquo;applique aux clients en Angleterre, en \u00c9cosse, en Irlande du Nord et au Pays de Galles. Vous pouvez [&hellip;]<\/p>\n","protected":false},"author":2,"featured_media":0,"parent":0,"menu_order":0,"comment_status":"closed","ping_status":"open","template":"","meta":[],"acf":[],"yoast_head":"<!-- This site is optimized with the Yoast SEO plugin v18.4.1 - https:\/\/yoast.com\/wordpress\/plugins\/seo\/ -->\n<title>ANNULATION RETOURS REMBOURSEMENTS - Rite-Edge<\/title>\n<meta name=\"robots\" content=\"index, follow, max-snippet:-1, max-image-preview:large, max-video-preview:-1\" \/>\n<link rel=\"canonical\" href=\"https:\/\/rite-edge.com\/fr\/annulation-retours-remboursements\/\" \/>\n<meta property=\"og:locale\" content=\"fr_FR\" \/>\n<meta property=\"og:type\" content=\"article\" \/>\n<meta property=\"og:title\" content=\"ANNULATION RETOURS REMBOURSEMENTS - Rite-Edge\" \/>\n<meta property=\"og:description\" content=\"Nous comprenons qu&rsquo;il peut arriver que vous souhaitiez nous retourner un produit. Nous avons une politique de retour sous 30 jours pour vous permettre de nous retourner les produits dans des circonstances appropri\u00e9es. Cette politique de retour s&rsquo;applique aux clients en Angleterre, en \u00c9cosse, en Irlande du Nord et au Pays de Galles. Vous pouvez [&hellip;]\" \/>\n<meta property=\"og:url\" content=\"https:\/\/rite-edge.com\/fr\/annulation-retours-remboursements\/\" \/>\n<meta property=\"og:site_name\" content=\"Rite-Edge\" \/>\n<meta property=\"article:modified_time\" content=\"2021-10-22T13:19:51+00:00\" \/>\n<meta name=\"twitter:card\" content=\"summary_large_image\" \/>\n<meta name=\"twitter:label1\" content=\"Dur\u00e9e de lecture estim\u00e9e\" \/>\n\t<meta name=\"twitter:data1\" content=\"1 minute\" \/>\n<script type=\"application\/ld+json\" class=\"yoast-schema-graph\">{\"@context\":\"https:\/\/schema.org\",\"@graph\":[{\"@type\":\"WebSite\",\"@id\":\"https:\/\/rite-edge.com\/#website\",\"url\":\"https:\/\/rite-edge.com\/\",\"name\":\"Rite-Edge\",\"description\":\"Rite-Edge est une solution durable et de haute qualit\u00e9 pour cr\u00e9er des bordures de pelouse, des bordures de jardin, des bordures paysag\u00e8res et plus encore. Rite-Edge est fabriqu\u00e9 dans notre usine au Royaume-Uni et en Belgique.\",\"potentialAction\":[{\"@type\":\"SearchAction\",\"target\":{\"@type\":\"EntryPoint\",\"urlTemplate\":\"https:\/\/rite-edge.com\/?s={search_term_string}\"},\"query-input\":\"required name=search_term_string\"}],\"inLanguage\":\"fr-FR\"},{\"@type\":\"WebPage\",\"@id\":\"https:\/\/rite-edge.com\/fr\/annulation-retours-remboursements\/#webpage\",\"url\":\"https:\/\/rite-edge.com\/fr\/annulation-retours-remboursements\/\",\"name\":\"ANNULATION RETOURS REMBOURSEMENTS - Rite-Edge\",\"isPartOf\":{\"@id\":\"https:\/\/rite-edge.com\/#website\"},\"datePublished\":\"2021-10-22T13:19:50+00:00\",\"dateModified\":\"2021-10-22T13:19:51+00:00\",\"breadcrumb\":{\"@id\":\"https:\/\/rite-edge.com\/fr\/annulation-retours-remboursements\/#breadcrumb\"},\"inLanguage\":\"fr-FR\",\"potentialAction\":[{\"@type\":\"ReadAction\",\"target\":[\"https:\/\/rite-edge.com\/fr\/annulation-retours-remboursements\/\"]}]},{\"@type\":\"BreadcrumbList\",\"@id\":\"https:\/\/rite-edge.com\/fr\/annulation-retours-remboursements\/#breadcrumb\",\"itemListElement\":[{\"@type\":\"ListItem\",\"position\":1,\"name\":\"Home\",\"item\":\"https:\/\/rite-edge.com\/fr\/\"},{\"@type\":\"ListItem\",\"position\":2,\"name\":\"ANNULATION RETOURS REMBOURSEMENTS\"}]}]}<\/script>\n<!-- \/ Yoast SEO plugin. -->","yoast_head_json":{"title":"ANNULATION RETOURS REMBOURSEMENTS - Rite-Edge","robots":{"index":"index","follow":"follow","max-snippet":"max-snippet:-1","max-image-preview":"max-image-preview:large","max-video-preview":"max-video-preview:-1"},"canonical":"https:\/\/rite-edge.com\/fr\/annulation-retours-remboursements\/","og_locale":"fr_FR","og_type":"article","og_title":"ANNULATION RETOURS REMBOURSEMENTS - Rite-Edge","og_description":"Nous comprenons qu&rsquo;il peut arriver que vous souhaitiez nous retourner un produit. Nous avons une politique de retour sous 30 jours pour vous permettre de nous retourner les produits dans des circonstances appropri\u00e9es. Cette politique de retour s&rsquo;applique aux clients en Angleterre, en \u00c9cosse, en Irlande du Nord et au Pays de Galles. Vous pouvez [&hellip;]","og_url":"https:\/\/rite-edge.com\/fr\/annulation-retours-remboursements\/","og_site_name":"Rite-Edge","article_modified_time":"2021-10-22T13:19:51+00:00","twitter_card":"summary_large_image","twitter_misc":{"Dur\u00e9e de lecture estim\u00e9e":"1 minute"},"schema":{"@context":"https:\/\/schema.org","@graph":[{"@type":"WebSite","@id":"https:\/\/rite-edge.com\/#website","url":"https:\/\/rite-edge.com\/","name":"Rite-Edge","description":"Rite-Edge est une solution durable et de haute qualit\u00e9 pour cr\u00e9er des bordures de pelouse, des bordures de jardin, des bordures paysag\u00e8res et plus encore. Rite-Edge est fabriqu\u00e9 dans notre usine au Royaume-Uni et en Belgique.","potentialAction":[{"@type":"SearchAction","target":{"@type":"EntryPoint","urlTemplate":"https:\/\/rite-edge.com\/?s={search_term_string}"},"query-input":"required name=search_term_string"}],"inLanguage":"fr-FR"},{"@type":"WebPage","@id":"https:\/\/rite-edge.com\/fr\/annulation-retours-remboursements\/#webpage","url":"https:\/\/rite-edge.com\/fr\/annulation-retours-remboursements\/","name":"ANNULATION RETOURS REMBOURSEMENTS - Rite-Edge","isPartOf":{"@id":"https:\/\/rite-edge.com\/#website"},"datePublished":"2021-10-22T13:19:50+00:00","dateModified":"2021-10-22T13:19:51+00:00","breadcrumb":{"@id":"https:\/\/rite-edge.com\/fr\/annulation-retours-remboursements\/#breadcrumb"},"inLanguage":"fr-FR","potentialAction":[{"@type":"ReadAction","target":["https:\/\/rite-edge.com\/fr\/annulation-retours-remboursements\/"]}]},{"@type":"BreadcrumbList","@id":"https:\/\/rite-edge.com\/fr\/annulation-retours-remboursements\/#breadcrumb","itemListElement":[{"@type":"ListItem","position":1,"name":"Home","item":"https:\/\/rite-edge.com\/fr\/"},{"@type":"ListItem","position":2,"name":"ANNULATION RETOURS REMBOURSEMENTS"}]}]}},"_links":{"self":[{"href":"https:\/\/rite-edge.com\/fr\/wp-json\/wp\/v2\/pages\/907"}],"collection":[{"href":"https:\/\/rite-edge.com\/fr\/wp-json\/wp\/v2\/pages"}],"about":[{"href":"https:\/\/rite-edge.com\/fr\/wp-json\/wp\/v2\/types\/page"}],"author":[{"embeddable":true,"href":"https:\/\/rite-edge.com\/fr\/wp-json\/wp\/v2\/users\/2"}],"replies":[{"embeddable":true,"href":"https:\/\/rite-edge.com\/fr\/wp-json\/wp\/v2\/comments?post=907"}],"version-history":[{"count":1,"href":"https:\/\/rite-edge.com\/fr\/wp-json\/wp\/v2\/pages\/907\/revisions"}],"predecessor-version":[{"id":908,"href":"https:\/\/rite-edge.com\/fr\/wp-json\/wp\/v2\/pages\/907\/revisions\/908"}],"wp:attachment":[{"href":"https:\/\/rite-edge.com\/fr\/wp-json\/wp\/v2\/media?parent=907"}],"curies":[{"name":"wp","href":"https:\/\/api.w.org\/{rel}","templated":true}]}}