{"id":909,"date":"2021-10-22T14:28:38","date_gmt":"2021-10-22T13:28:38","guid":{"rendered":"https:\/\/rite-edge.com\/faqs\/"},"modified":"2021-10-22T14:28:40","modified_gmt":"2021-10-22T13:28:40","slug":"faqs","status":"publish","type":"page","link":"https:\/\/rite-edge.com\/fr\/faqs\/","title":{"rendered":"FAQs"},"content":{"rendered":"\n<div class=\"wp-block-pb-accordion-item c-accordion__item js-accordion-item no-js\" data-initially-open=\"false\" data-click-to-close=\"true\" data-auto-close=\"true\" data-scroll=\"false\" data-scroll-offset=\"0\"><h2 id=\"at-3530\" class=\"c-accordion__title js-accordion-controller\" role=\"button\">What is RITE-EDGE made from?<\/h2><div id=\"ac-3530\" class=\"c-accordion__content\">\n<p>Alliage d&rsquo;ALUMINIUM de haute qualit\u00e9, couramment utilis\u00e9 dans les structures d&rsquo;avions pour sa longue dur\u00e9e de vie et sa flexibilit\u00e9.<\/p>\n<\/div><\/div>\n\n<div class=\"wp-block-pb-accordion-item c-accordion__item js-accordion-item no-js\" data-initially-open=\"false\" data-click-to-close=\"true\" data-auto-close=\"true\" data-scroll=\"false\" data-scroll-offset=\"0\"><h2 id=\"at-3531\" class=\"c-accordion__title js-accordion-controller\" role=\"button\">What is the best way to install the RITE-EDGE in my garden?<\/h2><div id=\"ac-3531\" class=\"c-accordion__content\">\n<p>En creusant un petit canal de 10 cm de profondeur o\u00f9 doit \u00eatre positionn\u00e9 le RITE-EDGE. Nos notes d&rsquo;installation expliquent cela plus en d\u00e9tail.<\/p>\n<\/div><\/div>\n\n<div class=\"wp-block-pb-accordion-item c-accordion__item js-accordion-item no-js\" data-initially-open=\"false\" data-click-to-close=\"true\" data-auto-close=\"true\" data-scroll=\"false\" data-scroll-offset=\"0\"><h2 id=\"at-3532\" class=\"c-accordion__title js-accordion-controller\" role=\"button\">Can I cut it to different lengths?<\/h2><div id=\"ac-3532\" class=\"c-accordion__content\">\n<p>OUI &#8211; en utilisant une scie \u00e0 m\u00e9taux. C\u2019est \u00e0 dire une scie avec une lame sp\u00e9ciale pour couper les m\u00e9taux tels que l&rsquo;acier et l&rsquo;aluminium. Ce genre de scie est disponible pour moins de 10 \u00a3 dans un bon magasin de bricolage. (N&rsquo;essayez pas d&rsquo;utiliser une scie \u00e0 bois, car cela \u00e9mousserait simplement le tranchant de la scie).<\/p>\n<\/div><\/div>\n\n<div class=\"wp-block-pb-accordion-item c-accordion__item js-accordion-item no-js\" data-initially-open=\"false\" data-click-to-close=\"true\" data-auto-close=\"true\" data-scroll=\"false\" data-scroll-offset=\"0\"><h2 id=\"at-3533\" class=\"c-accordion__title js-accordion-controller\" role=\"button\"><strong>Can I bend RITE-EDGE?<\/strong><\/h2><div id=\"ac-3533\" class=\"c-accordion__content\">\n<p>R. OUI &#8211; Pour les courbes douces, l&rsquo;aluminium offre un certain degr\u00e9 de flexibilit\u00e9 et se pliera naturellement. Pour des virages ou des cercles plus serr\u00e9s, l&rsquo;aluminium peut \u00eatre fa\u00e7onn\u00e9 autour d&rsquo;un objet solide tel qu&rsquo;un tronc d&rsquo;arbre, un poteau de portail ou m\u00eame sur votre genou ! Des courbures\/coins aigus ou vifs peuvent \u00eatre obtenus en utilisant une pi\u00e8ce d&rsquo;angle standard \u00e0 90 degr\u00e9s ou en pliant le RITE-EDGE sur un objet avec un coin carr\u00e9\/pointu tel qu&rsquo;un bloc de bois, une brique ou le bord d&rsquo;un \u00e9tabli.<\/p>\n<\/div><\/div>\n\n<div class=\"wp-block-pb-accordion-item c-accordion__item js-accordion-item no-js\" data-initially-open=\"false\" data-click-to-close=\"true\" data-auto-close=\"true\" data-scroll=\"false\" data-scroll-offset=\"0\"><h2 id=\"at-3534\" class=\"c-accordion__title js-accordion-controller\" role=\"button\"><strong><strong>How do I join the lengths of RITE-EDGE together?<\/strong><\/strong><\/h2><div id=\"ac-3534\" class=\"c-accordion__content\">\n<p>R. La m\u00e9thode la plus efficace consiste \u00e0 utiliser le syst\u00e8me t\u00e9lescopique unique int\u00e9gr\u00e9 dans chaque longueur de RITE-EDGE \u00e0 l\u2019aide de sa forme extrud\u00e9e unique. Chaque longueur a une section m\u00e2le et femelle, qui glissent simplement ensemble. Le chevauchement recommand\u00e9 est de 50 mm, ce qui permet non seulement de maintenir les deux pi\u00e8ces ensemble en ligne droite, mais permet \u00e9galement tout mouvement lat\u00e9ral lorsque les piquets de retenue sont enfonc\u00e9s dans le sol, fixant ainsi le RITE-EDGE \u00e0 l&rsquo;endroit souhait\u00e9.<\/p>\n<\/div><\/div>\n\n<div class=\"wp-block-pb-accordion-item c-accordion__item js-accordion-item no-js\" data-initially-open=\"false\" data-click-to-close=\"true\" data-auto-close=\"true\" data-scroll=\"false\" data-scroll-offset=\"0\"><h2 id=\"at-3535\" class=\"c-accordion__title js-accordion-controller\" role=\"button\"><strong><strong><strong>I do not like the ridge that you can see when you join two lengths of RITE-EDGE together, can you not have a flat\/flush joint.<\/strong><\/strong><\/strong><\/h2><div id=\"ac-3535\" class=\"c-accordion__content\">\n<p>R. Oui, vous pouvez utiliser nos pi\u00e8ces sp\u00e9ciales pour assemblage affleurant. Nos notes d&rsquo;installation expliquent cela plus en d\u00e9tail et je vous en enverrai une copie par courrier\/fax\/courriel.<\/p>\n<\/div><\/div>\n\n<div class=\"wp-block-pb-accordion-item c-accordion__item js-accordion-item no-js\" data-initially-open=\"false\" data-click-to-close=\"true\" data-auto-close=\"true\" data-scroll=\"false\" data-scroll-offset=\"0\"><h2 id=\"at-3536\" class=\"c-accordion__title js-accordion-controller\" role=\"button\"><strong><strong><strong><strong>Can I cut my lawn with my lawnmower where I have installed the RITE-EDGE?<\/strong><\/strong><\/strong><\/strong><\/h2><div id=\"ac-3536\" class=\"c-accordion__content\">\n<p>R. Oui \u2013 \u00c0 condition que vous ayez install\u00e9 le RITE-EDGE \u00e0 la hauteur recommand\u00e9e de 2 \u00e0 6 mm au-dessus du niveau du sol de votre pelouse, vous pouvez alors couper au-dessus du RITE-EDGE. L\u00e0 o\u00f9 le RITE-EDGE se dresse sur la pelouse (pour conserver un lit qui a un niveau plus \u00e9lev\u00e9 que la pelouse), coupez aussi pr\u00e8s que possible avec la tondeuse \u00e0 gazon, puis utilisez un \u00ab coupe-bordure \u00bb pour arriver jusqu\u2019\u00e0 la bordure. Les coupe-bordures \u00e0 fils en plastique n&rsquo;endommageront pas le RITE-EDGE.<\/p>\n<\/div><\/div>\n\n<div class=\"wp-block-pb-accordion-item c-accordion__item js-accordion-item no-js\" data-initially-open=\"false\" data-click-to-close=\"true\" data-auto-close=\"true\" data-scroll=\"false\" data-scroll-offset=\"0\"><h2 id=\"at-3537\" class=\"c-accordion__title js-accordion-controller\" role=\"button\"><strong><strong><strong><strong><strong>Can I remove RITE-EDGE once I have installed it?<\/strong><\/strong><\/strong><\/strong><\/strong><\/h2><div id=\"ac-3537\" class=\"c-accordion__content\">\n<p>R. OUI \u2013 En retirant les piquets barbel\u00e9s (qui retiennent le RITE-EDGE) du sol.<\/p>\n<\/div><\/div>\n\n<div class=\"wp-block-pb-accordion-item c-accordion__item js-accordion-item no-js\" data-initially-open=\"false\" data-click-to-close=\"true\" data-auto-close=\"true\" data-scroll=\"false\" data-scroll-offset=\"0\"><h2 id=\"at-3538\" class=\"c-accordion__title js-accordion-controller\" role=\"button\"><strong><strong><strong><strong><strong><strong>What sort of maintenance will I need to carry out on my RITE-EDGE?<\/strong><\/strong><\/strong><\/strong><\/strong><\/strong><\/h2><div id=\"ac-3538\" class=\"c-accordion__content\">\n<p>R. AUCUN \u2013 Du fait de sa fabrication en aluminium. L&rsquo;aluminium ne rouillera pas, ne se fissurera pas, ne pourrira pas et n&rsquo;aura jamais besoin d\u2019\u00eatre repeint.<\/p>\n<\/div><\/div>\n\n<div class=\"wp-block-pb-accordion-item c-accordion__item js-accordion-item no-js\" data-initially-open=\"false\" data-click-to-close=\"true\" data-auto-close=\"true\" data-scroll=\"false\" data-scroll-offset=\"0\"><h2 id=\"at-3539\" class=\"c-accordion__title js-accordion-controller\" role=\"button\"><strong><strong><strong><strong><strong><strong><strong>Do you offer an installation service?<\/strong><\/strong><\/strong><\/strong><\/strong><\/strong><\/strong><\/h2><div id=\"ac-3539\" class=\"c-accordion__content\">\n<p>NON &#8211; Rainbow ne propose pas un tel service, mais n&rsquo;importe quelle soci\u00e9t\u00e9 locale offrant des services de jardinage ou d&rsquo;am\u00e9nagement paysager sera susceptible d\u2019effectuer l\u2019installation du RITE-EDGE pour vous (voir dans les Pages jaunes).<\/p>\n<\/div><\/div>\n\n<div class=\"wp-block-pb-accordion-item c-accordion__item js-accordion-item no-js\" data-initially-open=\"false\" data-click-to-close=\"true\" data-auto-close=\"true\" data-scroll=\"false\" data-scroll-offset=\"0\"><h2 id=\"at-35310\" class=\"c-accordion__title js-accordion-controller\" role=\"button\"><strong><strong><strong><strong><strong><strong><strong><strong>What is the delivery time if I place an order today?<\/strong><\/strong><\/strong><\/strong><\/strong><\/strong><\/strong><\/strong><\/h2><div id=\"ac-35310\" class=\"c-accordion__content\">\n<p>R. Le d\u00e9lai de livraison normal est d\u2019environ 7 \u00e0 10 jours ouvrables.<\/p>\n<\/div><\/div>\n\n<div class=\"wp-block-pb-accordion-item c-accordion__item js-accordion-item no-js\" data-initially-open=\"false\" data-click-to-close=\"true\" data-auto-close=\"true\" data-scroll=\"false\" data-scroll-offset=\"0\"><h2 id=\"at-35311\" class=\"c-accordion__title js-accordion-controller\" role=\"button\"><strong><strong><strong><strong><strong><strong><strong><strong>\u00a0<strong>Is the product guaranteed?<\/strong><\/strong><\/strong><\/strong><\/strong><\/strong><\/strong><\/strong><\/strong><\/h2><div id=\"ac-35311\" class=\"c-accordion__content\">\n<p>R. OUI &#8211; Le RITE-EDGE est garanti en tant que produit. Cette garantie couvre sa qualit\u00e9 et sa fabrication. Cependant Rainbow ne pourra \u00eatre tenu pour responsable de l&rsquo;installation ou de l&rsquo;utilisation du produit une fois sa livraison effectu\u00e9e dans les locaux du client.<\/p>\n<\/div><\/div>\n\n<div class=\"wp-block-pb-accordion-item c-accordion__item js-accordion-item no-js\" data-initially-open=\"false\" data-click-to-close=\"true\" data-auto-close=\"true\" data-scroll=\"false\" data-scroll-offset=\"0\"><h2 id=\"at-35312\" class=\"c-accordion__title js-accordion-controller\" role=\"button\"><strong><strong><strong><strong><strong><strong><strong><strong><strong>How long will the RITE-EDGE last.<\/strong><\/strong><\/strong><\/strong><\/strong><\/strong><\/strong><\/strong><\/strong><\/h2><div id=\"ac-35312\" class=\"c-accordion__content\">\n<p>R. L&rsquo;aluminium est utilis\u00e9 dans l&rsquo;industrie et le domaine de l&rsquo;aviation (construction d&rsquo;avions) depuis de nombreuses ann\u00e9es et est connu pour \u00eatre solide, l\u00e9ger et durable, et capable d\u2019offrir de nombreuses ann\u00e9es de service. Il existe des installations de bordures en aluminium qui sont encore en bon \u00e9tat apr\u00e8s 27 ans.<\/p>\n<\/div><\/div>\n","protected":false},"excerpt":{"rendered":"","protected":false},"author":1,"featured_media":0,"parent":0,"menu_order":0,"comment_status":"closed","ping_status":"closed","template":"","meta":[],"acf":[],"yoast_head":"<!-- This site is optimized with the Yoast SEO plugin v18.4.1 - https:\/\/yoast.com\/wordpress\/plugins\/seo\/ -->\n<title>FAQs - Rite-Edge<\/title>\n<meta name=\"robots\" content=\"index, follow, max-snippet:-1, max-image-preview:large, max-video-preview:-1\" \/>\n<link rel=\"canonical\" href=\"https:\/\/rite-edge.com\/fr\/faqs\/\" \/>\n<meta property=\"og:locale\" content=\"fr_FR\" \/>\n<meta property=\"og:type\" content=\"article\" \/>\n<meta property=\"og:title\" content=\"FAQs - Rite-Edge\" \/>\n<meta property=\"og:url\" content=\"https:\/\/rite-edge.com\/fr\/faqs\/\" \/>\n<meta property=\"og:site_name\" content=\"Rite-Edge\" \/>\n<meta property=\"article:modified_time\" content=\"2021-10-22T13:28:40+00:00\" \/>\n<meta name=\"twitter:card\" content=\"summary_large_image\" \/>\n<meta name=\"twitter:label1\" content=\"Dur\u00e9e de lecture estim\u00e9e\" \/>\n\t<meta name=\"twitter:data1\" content=\"4 minutes\" \/>\n<script type=\"application\/ld+json\" class=\"yoast-schema-graph\">{\"@context\":\"https:\/\/schema.org\",\"@graph\":[{\"@type\":\"WebSite\",\"@id\":\"https:\/\/rite-edge.com\/#website\",\"url\":\"https:\/\/rite-edge.com\/\",\"name\":\"Rite-Edge\",\"description\":\"Rite-Edge est une solution durable et de haute qualit\u00e9 pour cr\u00e9er des bordures de pelouse, des bordures de jardin, des bordures paysag\u00e8res et plus encore. Rite-Edge est fabriqu\u00e9 dans notre usine au Royaume-Uni et en Belgique.\",\"potentialAction\":[{\"@type\":\"SearchAction\",\"target\":{\"@type\":\"EntryPoint\",\"urlTemplate\":\"https:\/\/rite-edge.com\/?s={search_term_string}\"},\"query-input\":\"required name=search_term_string\"}],\"inLanguage\":\"fr-FR\"},{\"@type\":\"WebPage\",\"@id\":\"https:\/\/rite-edge.com\/fr\/faqs\/#webpage\",\"url\":\"https:\/\/rite-edge.com\/fr\/faqs\/\",\"name\":\"FAQs - Rite-Edge\",\"isPartOf\":{\"@id\":\"https:\/\/rite-edge.com\/#website\"},\"datePublished\":\"2021-10-22T13:28:38+00:00\",\"dateModified\":\"2021-10-22T13:28:40+00:00\",\"breadcrumb\":{\"@id\":\"https:\/\/rite-edge.com\/fr\/faqs\/#breadcrumb\"},\"inLanguage\":\"fr-FR\",\"potentialAction\":[{\"@type\":\"ReadAction\",\"target\":[\"https:\/\/rite-edge.com\/fr\/faqs\/\"]}]},{\"@type\":\"BreadcrumbList\",\"@id\":\"https:\/\/rite-edge.com\/fr\/faqs\/#breadcrumb\",\"itemListElement\":[{\"@type\":\"ListItem\",\"position\":1,\"name\":\"Home\",\"item\":\"https:\/\/rite-edge.com\/fr\/\"},{\"@type\":\"ListItem\",\"position\":2,\"name\":\"FAQs\"}]}]}<\/script>\n<!-- \/ Yoast SEO plugin. -->","yoast_head_json":{"title":"FAQs - Rite-Edge","robots":{"index":"index","follow":"follow","max-snippet":"max-snippet:-1","max-image-preview":"max-image-preview:large","max-video-preview":"max-video-preview:-1"},"canonical":"https:\/\/rite-edge.com\/fr\/faqs\/","og_locale":"fr_FR","og_type":"article","og_title":"FAQs - Rite-Edge","og_url":"https:\/\/rite-edge.com\/fr\/faqs\/","og_site_name":"Rite-Edge","article_modified_time":"2021-10-22T13:28:40+00:00","twitter_card":"summary_large_image","twitter_misc":{"Dur\u00e9e de lecture estim\u00e9e":"4 minutes"},"schema":{"@context":"https:\/\/schema.org","@graph":[{"@type":"WebSite","@id":"https:\/\/rite-edge.com\/#website","url":"https:\/\/rite-edge.com\/","name":"Rite-Edge","description":"Rite-Edge est une solution durable et de haute qualit\u00e9 pour cr\u00e9er des bordures de pelouse, des bordures de jardin, des bordures paysag\u00e8res et plus encore. Rite-Edge est fabriqu\u00e9 dans notre usine au Royaume-Uni et en Belgique.","potentialAction":[{"@type":"SearchAction","target":{"@type":"EntryPoint","urlTemplate":"https:\/\/rite-edge.com\/?s={search_term_string}"},"query-input":"required name=search_term_string"}],"inLanguage":"fr-FR"},{"@type":"WebPage","@id":"https:\/\/rite-edge.com\/fr\/faqs\/#webpage","url":"https:\/\/rite-edge.com\/fr\/faqs\/","name":"FAQs - Rite-Edge","isPartOf":{"@id":"https:\/\/rite-edge.com\/#website"},"datePublished":"2021-10-22T13:28:38+00:00","dateModified":"2021-10-22T13:28:40+00:00","breadcrumb":{"@id":"https:\/\/rite-edge.com\/fr\/faqs\/#breadcrumb"},"inLanguage":"fr-FR","potentialAction":[{"@type":"ReadAction","target":["https:\/\/rite-edge.com\/fr\/faqs\/"]}]},{"@type":"BreadcrumbList","@id":"https:\/\/rite-edge.com\/fr\/faqs\/#breadcrumb","itemListElement":[{"@type":"ListItem","position":1,"name":"Home","item":"https:\/\/rite-edge.com\/fr\/"},{"@type":"ListItem","position":2,"name":"FAQs"}]}]}},"_links":{"self":[{"href":"https:\/\/rite-edge.com\/fr\/wp-json\/wp\/v2\/pages\/909"}],"collection":[{"href":"https:\/\/rite-edge.com\/fr\/wp-json\/wp\/v2\/pages"}],"about":[{"href":"https:\/\/rite-edge.com\/fr\/wp-json\/wp\/v2\/types\/page"}],"author":[{"embeddable":true,"href":"https:\/\/rite-edge.com\/fr\/wp-json\/wp\/v2\/users\/1"}],"replies":[{"embeddable":true,"href":"https:\/\/rite-edge.com\/fr\/wp-json\/wp\/v2\/comments?post=909"}],"version-history":[{"count":1,"href":"https:\/\/rite-edge.com\/fr\/wp-json\/wp\/v2\/pages\/909\/revisions"}],"predecessor-version":[{"id":910,"href":"https:\/\/rite-edge.com\/fr\/wp-json\/wp\/v2\/pages\/909\/revisions\/910"}],"wp:attachment":[{"href":"https:\/\/rite-edge.com\/fr\/wp-json\/wp\/v2\/media?parent=909"}],"curies":[{"name":"wp","href":"https:\/\/api.w.org\/{rel}","templated":true}]}}