{"id":1131,"date":"2021-06-14T14:15:34","date_gmt":"2022-01-25T10:18:38","guid":{"rendered":"https:\/\/rite-edge.com\/product\/pack-rite-edge-robuste\/"},"modified":"2022-01-25T10:18:38","modified_gmt":"2022-01-25T10:18:38","slug":"pack-rite-edge-robuste","status":"publish","type":"product","link":"https:\/\/rite-edge.com\/fr\/produit\/pack-rite-edge-robuste\/","title":{"rendered":"<strong>PACK RITE-EDGE ROBUSTE<\/strong>"},"content":{"rendered":"<p>Le Rite Edge Robuste est 50 % plus \u00e9pais que le Rite-Edge standard, ce qui lui conf\u00e8re une r\u00e9sistance suppl\u00e9mentaire. Il est disponible en trois couleurs : vert, marron ainsi que l\u2019intemporelle finition en aluminium naturel. Les couleurs de finition sont r\u00e9alis\u00e9es \u00e0 l\u2019aide de peinture acrylique appliqu\u00e9e \u00e9lectrostatiquement puis cuite au four. Cela r\u00e9sulte en un produit qui ne rouillera jamais, ne pourrira pas et n&rsquo;aura jamais besoin d&rsquo;\u00eatre repeint, ce qui en fait un produit \u00e0 jamais sans entretien.<\/p>\n","protected":false},"excerpt":{"rendered":"<p>Le Rite Edge Robuste est 50 % plus \u00e9pais que le Rite-Edge standard, ce qui lui conf\u00e8re une r\u00e9sistance suppl\u00e9mentaire. Il est disponible en trois couleurs : vert, marron ainsi que l\u2019intemporelle finition en aluminium naturel. Les couleurs de finition sont r\u00e9alis\u00e9es \u00e0 l\u2019aide de peinture acrylique appliqu\u00e9e \u00e9lectrostatiquement puis cuite au four. Cela r\u00e9sulte [&hellip;]<\/p>\n","protected":false},"featured_media":790,"template":"","meta":[],"product_cat":[89,90,92],"product_tag":[],"acf":[],"yoast_head":"<!-- This site is optimized with the Yoast SEO plugin v18.4.1 - https:\/\/yoast.com\/wordpress\/plugins\/seo\/ -->\n<title>PACK RITE-EDGE ROBUSTE - Rite-Edge<\/title>\n<meta name=\"robots\" content=\"index, follow, max-snippet:-1, max-image-preview:large, max-video-preview:-1\" \/>\n<link rel=\"canonical\" href=\"https:\/\/rite-edge.com\/fr\/produit\/pack-rite-edge-robuste\/\" \/>\n<meta property=\"og:locale\" content=\"fr_FR\" \/>\n<meta property=\"og:type\" content=\"article\" \/>\n<meta property=\"og:title\" content=\"PACK RITE-EDGE ROBUSTE - Rite-Edge\" \/>\n<meta property=\"og:description\" content=\"Le Rite Edge Robuste est 50 % plus \u00e9pais que le Rite-Edge standard, ce qui lui conf\u00e8re une r\u00e9sistance suppl\u00e9mentaire. Il est disponible en trois couleurs : vert, marron ainsi que l\u2019intemporelle finition en aluminium naturel. Les couleurs de finition sont r\u00e9alis\u00e9es \u00e0 l\u2019aide de peinture acrylique appliqu\u00e9e \u00e9lectrostatiquement puis cuite au four. Cela r\u00e9sulte [&hellip;]\" \/>\n<meta property=\"og:url\" content=\"https:\/\/rite-edge.com\/fr\/produit\/pack-rite-edge-robuste\/\" \/>\n<meta property=\"og:site_name\" content=\"Rite-Edge\" \/>\n<meta property=\"og:image\" content=\"https:\/\/rite-edge.com\/wp-content\/uploads\/2021\/04\/C560-feature-image.jpg\" \/>\n\t<meta property=\"og:image:width\" content=\"500\" \/>\n\t<meta property=\"og:image:height\" content=\"500\" \/>\n\t<meta property=\"og:image:type\" content=\"image\/jpeg\" \/>\n<meta name=\"twitter:card\" content=\"summary_large_image\" \/>\n<script type=\"application\/ld+json\" class=\"yoast-schema-graph\">{\"@context\":\"https:\/\/schema.org\",\"@graph\":[{\"@type\":\"WebSite\",\"@id\":\"https:\/\/rite-edge.com\/#website\",\"url\":\"https:\/\/rite-edge.com\/\",\"name\":\"Rite-Edge\",\"description\":\"Rite-Edge est une solution durable et de haute qualit\u00e9 pour cr\u00e9er des bordures de pelouse, des bordures de jardin, des bordures paysag\u00e8res et plus encore. Rite-Edge est fabriqu\u00e9 dans notre usine au Royaume-Uni et en Belgique.\",\"potentialAction\":[{\"@type\":\"SearchAction\",\"target\":{\"@type\":\"EntryPoint\",\"urlTemplate\":\"https:\/\/rite-edge.com\/?s={search_term_string}\"},\"query-input\":\"required name=search_term_string\"}],\"inLanguage\":\"fr-FR\"},{\"@type\":\"ImageObject\",\"@id\":\"https:\/\/rite-edge.com\/fr\/produit\/pack-rite-edge-robuste\/#primaryimage\",\"inLanguage\":\"fr-FR\",\"url\":\"https:\/\/rite-edge.com\/wp-content\/uploads\/2021\/04\/C560-feature-image.jpg\",\"contentUrl\":\"https:\/\/rite-edge.com\/wp-content\/uploads\/2021\/04\/C560-feature-image.jpg\",\"width\":500,\"height\":500},{\"@type\":\"WebPage\",\"@id\":\"https:\/\/rite-edge.com\/fr\/produit\/pack-rite-edge-robuste\/#webpage\",\"url\":\"https:\/\/rite-edge.com\/fr\/produit\/pack-rite-edge-robuste\/\",\"name\":\"PACK RITE-EDGE ROBUSTE - Rite-Edge\",\"isPartOf\":{\"@id\":\"https:\/\/rite-edge.com\/#website\"},\"primaryImageOfPage\":{\"@id\":\"https:\/\/rite-edge.com\/fr\/produit\/pack-rite-edge-robuste\/#primaryimage\"},\"datePublished\":\"2022-01-25T10:18:38+00:00\",\"dateModified\":\"2022-01-25T10:18:38+00:00\",\"breadcrumb\":{\"@id\":\"https:\/\/rite-edge.com\/fr\/produit\/pack-rite-edge-robuste\/#breadcrumb\"},\"inLanguage\":\"fr-FR\",\"potentialAction\":[{\"@type\":\"ReadAction\",\"target\":[\"https:\/\/rite-edge.com\/fr\/produit\/pack-rite-edge-robuste\/\"]}]},{\"@type\":\"BreadcrumbList\",\"@id\":\"https:\/\/rite-edge.com\/fr\/produit\/pack-rite-edge-robuste\/#breadcrumb\",\"itemListElement\":[{\"@type\":\"ListItem\",\"position\":1,\"name\":\"Home\",\"item\":\"https:\/\/rite-edge.com\/fr\/\"},{\"@type\":\"ListItem\",\"position\":2,\"name\":\"Boutique\",\"item\":\"https:\/\/rite-edge.com\/fr\/boutique\/\"},{\"@type\":\"ListItem\",\"position\":3,\"name\":\"PACK RITE-EDGE ROBUSTE\"}]}]}<\/script>\n<!-- \/ Yoast SEO plugin. -->","yoast_head_json":{"title":"PACK RITE-EDGE ROBUSTE - Rite-Edge","robots":{"index":"index","follow":"follow","max-snippet":"max-snippet:-1","max-image-preview":"max-image-preview:large","max-video-preview":"max-video-preview:-1"},"canonical":"https:\/\/rite-edge.com\/fr\/produit\/pack-rite-edge-robuste\/","og_locale":"fr_FR","og_type":"article","og_title":"PACK RITE-EDGE ROBUSTE - Rite-Edge","og_description":"Le Rite Edge Robuste est 50 % plus \u00e9pais que le Rite-Edge standard, ce qui lui conf\u00e8re une r\u00e9sistance suppl\u00e9mentaire. Il est disponible en trois couleurs : vert, marron ainsi que l\u2019intemporelle finition en aluminium naturel. Les couleurs de finition sont r\u00e9alis\u00e9es \u00e0 l\u2019aide de peinture acrylique appliqu\u00e9e \u00e9lectrostatiquement puis cuite au four. Cela r\u00e9sulte [&hellip;]","og_url":"https:\/\/rite-edge.com\/fr\/produit\/pack-rite-edge-robuste\/","og_site_name":"Rite-Edge","og_image":[{"width":500,"height":500,"url":"https:\/\/rite-edge.com\/wp-content\/uploads\/2021\/04\/C560-feature-image.jpg","type":"image\/jpeg"}],"twitter_card":"summary_large_image","schema":{"@context":"https:\/\/schema.org","@graph":[{"@type":"WebSite","@id":"https:\/\/rite-edge.com\/#website","url":"https:\/\/rite-edge.com\/","name":"Rite-Edge","description":"Rite-Edge est une solution durable et de haute qualit\u00e9 pour cr\u00e9er des bordures de pelouse, des bordures de jardin, des bordures paysag\u00e8res et plus encore. Rite-Edge est fabriqu\u00e9 dans notre usine au Royaume-Uni et en Belgique.","potentialAction":[{"@type":"SearchAction","target":{"@type":"EntryPoint","urlTemplate":"https:\/\/rite-edge.com\/?s={search_term_string}"},"query-input":"required name=search_term_string"}],"inLanguage":"fr-FR"},{"@type":"ImageObject","@id":"https:\/\/rite-edge.com\/fr\/produit\/pack-rite-edge-robuste\/#primaryimage","inLanguage":"fr-FR","url":"https:\/\/rite-edge.com\/wp-content\/uploads\/2021\/04\/C560-feature-image.jpg","contentUrl":"https:\/\/rite-edge.com\/wp-content\/uploads\/2021\/04\/C560-feature-image.jpg","width":500,"height":500},{"@type":"WebPage","@id":"https:\/\/rite-edge.com\/fr\/produit\/pack-rite-edge-robuste\/#webpage","url":"https:\/\/rite-edge.com\/fr\/produit\/pack-rite-edge-robuste\/","name":"PACK RITE-EDGE ROBUSTE - Rite-Edge","isPartOf":{"@id":"https:\/\/rite-edge.com\/#website"},"primaryImageOfPage":{"@id":"https:\/\/rite-edge.com\/fr\/produit\/pack-rite-edge-robuste\/#primaryimage"},"datePublished":"2022-01-25T10:18:38+00:00","dateModified":"2022-01-25T10:18:38+00:00","breadcrumb":{"@id":"https:\/\/rite-edge.com\/fr\/produit\/pack-rite-edge-robuste\/#breadcrumb"},"inLanguage":"fr-FR","potentialAction":[{"@type":"ReadAction","target":["https:\/\/rite-edge.com\/fr\/produit\/pack-rite-edge-robuste\/"]}]},{"@type":"BreadcrumbList","@id":"https:\/\/rite-edge.com\/fr\/produit\/pack-rite-edge-robuste\/#breadcrumb","itemListElement":[{"@type":"ListItem","position":1,"name":"Home","item":"https:\/\/rite-edge.com\/fr\/"},{"@type":"ListItem","position":2,"name":"Boutique","item":"https:\/\/rite-edge.com\/fr\/boutique\/"},{"@type":"ListItem","position":3,"name":"PACK RITE-EDGE ROBUSTE"}]}]}},"_links":{"self":[{"href":"https:\/\/rite-edge.com\/fr\/wp-json\/wp\/v2\/product\/1131"}],"collection":[{"href":"https:\/\/rite-edge.com\/fr\/wp-json\/wp\/v2\/product"}],"about":[{"href":"https:\/\/rite-edge.com\/fr\/wp-json\/wp\/v2\/types\/product"}],"wp:featuredmedia":[{"embeddable":true,"href":"https:\/\/rite-edge.com\/fr\/wp-json\/wp\/v2\/media\/790"}],"wp:attachment":[{"href":"https:\/\/rite-edge.com\/fr\/wp-json\/wp\/v2\/media?parent=1131"}],"wp:term":[{"taxonomy":"product_cat","embeddable":true,"href":"https:\/\/rite-edge.com\/fr\/wp-json\/wp\/v2\/product_cat?post=1131"},{"taxonomy":"product_tag","embeddable":true,"href":"https:\/\/rite-edge.com\/fr\/wp-json\/wp\/v2\/product_tag?post=1131"}],"curies":[{"name":"wp","href":"https:\/\/api.w.org\/{rel}","templated":true}]}}