{"id":1166,"date":"2021-05-13T11:55:18","date_gmt":"2022-01-25T10:31:21","guid":{"rendered":"https:\/\/rite-edge.com\/product\/pieces-dassemblage-pour-rite-edge\/"},"modified":"2022-01-25T10:31:21","modified_gmt":"2022-01-25T10:31:21","slug":"pieces-dassemblage-pour-rite-edge","status":"publish","type":"product","link":"https:\/\/rite-edge.com\/fr\/produit\/pieces-dassemblage-pour-rite-edge\/","title":{"rendered":"PI\u00c8CES D&rsquo;ASSEMBLAGE POUR <strong>RITE-EDGE<\/strong>"},"content":{"rendered":"<p>Rite-Edge est fabriqu\u00e9 en d&rsquo;aluminium de qualit\u00e9 a\u00e9ronautique de haute qualit\u00e9 qui est extrud\u00e9 en une forte section de 100 mm de profondeur avec une section m\u00e2le et une section femelle int\u00e9gr\u00e9es dans sa conception. Ces deux sections glissent l\u2019une dans l\u2019autre pour cr\u00e9er non seulement une jonction t\u00e9lescopique coulissante unique, mais aussi et surtout une jonction qui ne r\u00e9sulte pas en un assemblage fragile et bancal. Il existe maintenant un moyen rapide et facile de joindre les bordures Rite-Edge sans le joint \u00e9tag\u00e9. Le nouveau pack d&rsquo;assemblage affleurant fournit 14 petites pi\u00e8ces de Rite-Edge qui permettent d&rsquo;assembler deux pi\u00e8ces plus longues en utilisant ce m\u00eame syst\u00e8me t\u00e9lescopique unique, mais r\u00e9sultant en une finition parfaitement plate et affleurante. Vous pouvez obtenir une jonction de pr\u00e9cision m\u00eame lors de l&rsquo;utilisation des pi\u00e8ces d\u2019assemblage.<\/p>\n","protected":false},"excerpt":{"rendered":"<p>La m\u00e9thode standard d&rsquo;assemblage de deux pi\u00e8ces de Rite-Edge consiste \u00e0 utiliser son syst\u00e8me d&rsquo;assemblage t\u00e9lescopique unique. Rite-Edge est fabriqu\u00e9 \u00e0 partir d&rsquo;aluminium de qualit\u00e9 a\u00e9ronautique de haute qualit\u00e9 qui est extrud\u00e9 en une section solide de 100 mm de profondeur qui a incorpor\u00e9 dans sa conception une section m\u00e2le et une section femelle. Ces deux sections glissent ensemble non seulement pour donner le joint t\u00e9lescopique coulissant unique, mais aussi un joint qui est vrai et droit &#8230;&#8230;&#8230; pas un syst\u00e8me d&rsquo;assemblage fragile mais un joint con\u00e7u avec pr\u00e9cision ! Cette m\u00e9thode d&rsquo;assemblage des pi\u00e8ces Rite-Edge les unes aux autres est la m\u00e9thode la plus populaire, mais pour certains, elle n&rsquo;est pas esth\u00e9tique dans la mesure o\u00f9 elle laisse ce qui peut \u00eatre mieux d\u00e9crit comme un joint \u00e9tag\u00e9, l&rsquo;image de droite le montre.<\/p>\n","protected":false},"featured_media":820,"template":"","meta":[],"product_cat":[89,90,92],"product_tag":[],"acf":[],"yoast_head":"<!-- This site is optimized with the Yoast SEO plugin v18.4.1 - https:\/\/yoast.com\/wordpress\/plugins\/seo\/ -->\n<title>PI\u00c8CES D&#039;ASSEMBLAGE POUR RITE-EDGE - Rite-Edge<\/title>\n<meta name=\"robots\" content=\"index, follow, max-snippet:-1, max-image-preview:large, max-video-preview:-1\" \/>\n<link rel=\"canonical\" href=\"https:\/\/rite-edge.com\/fr\/produit\/pieces-dassemblage-pour-rite-edge\/\" \/>\n<meta property=\"og:locale\" content=\"fr_FR\" \/>\n<meta property=\"og:type\" content=\"article\" \/>\n<meta property=\"og:title\" content=\"PI\u00c8CES D&#039;ASSEMBLAGE POUR RITE-EDGE - Rite-Edge\" \/>\n<meta property=\"og:description\" content=\"La m\u00e9thode standard d&#039;assemblage de deux pi\u00e8ces de Rite-Edge consiste \u00e0 utiliser son syst\u00e8me d&#039;assemblage t\u00e9lescopique unique. Rite-Edge est fabriqu\u00e9 \u00e0 partir d&#039;aluminium de qualit\u00e9 a\u00e9ronautique de haute qualit\u00e9 qui est extrud\u00e9 en une section solide de 100 mm de profondeur qui a incorpor\u00e9 dans sa conception une section m\u00e2le et une section femelle. Ces deux sections glissent ensemble non seulement pour donner le joint t\u00e9lescopique coulissant unique, mais aussi un joint qui est vrai et droit ......... pas un syst\u00e8me d&#039;assemblage fragile mais un joint con\u00e7u avec pr\u00e9cision ! Cette m\u00e9thode d&#039;assemblage des pi\u00e8ces Rite-Edge les unes aux autres est la m\u00e9thode la plus populaire, mais pour certains, elle n&#039;est pas esth\u00e9tique dans la mesure o\u00f9 elle laisse ce qui peut \u00eatre mieux d\u00e9crit comme un joint \u00e9tag\u00e9, l&#039;image de droite le montre.\" \/>\n<meta property=\"og:url\" content=\"https:\/\/rite-edge.com\/fr\/produit\/pieces-dassemblage-pour-rite-edge\/\" \/>\n<meta property=\"og:site_name\" content=\"Rite-Edge\" \/>\n<meta property=\"og:image\" content=\"https:\/\/rite-edge.com\/wp-content\/uploads\/2021\/05\/Joining-pieces-1.jpg\" \/>\n\t<meta property=\"og:image:width\" content=\"500\" \/>\n\t<meta property=\"og:image:height\" content=\"500\" \/>\n\t<meta property=\"og:image:type\" content=\"image\/jpeg\" \/>\n<meta name=\"twitter:card\" content=\"summary_large_image\" \/>\n<meta name=\"twitter:label1\" content=\"Dur\u00e9e de lecture estim\u00e9e\" \/>\n\t<meta name=\"twitter:data1\" content=\"1 minute\" \/>\n<script type=\"application\/ld+json\" class=\"yoast-schema-graph\">{\"@context\":\"https:\/\/schema.org\",\"@graph\":[{\"@type\":\"WebSite\",\"@id\":\"https:\/\/rite-edge.com\/#website\",\"url\":\"https:\/\/rite-edge.com\/\",\"name\":\"Rite-Edge\",\"description\":\"Rite-Edge est une solution durable et de haute qualit\u00e9 pour cr\u00e9er des bordures de pelouse, des bordures de jardin, des bordures paysag\u00e8res et plus encore. Rite-Edge est fabriqu\u00e9 dans notre usine au Royaume-Uni et en Belgique.\",\"potentialAction\":[{\"@type\":\"SearchAction\",\"target\":{\"@type\":\"EntryPoint\",\"urlTemplate\":\"https:\/\/rite-edge.com\/?s={search_term_string}\"},\"query-input\":\"required name=search_term_string\"}],\"inLanguage\":\"fr-FR\"},{\"@type\":\"ImageObject\",\"@id\":\"https:\/\/rite-edge.com\/fr\/produit\/pieces-dassemblage-pour-rite-edge\/#primaryimage\",\"inLanguage\":\"fr-FR\",\"url\":\"https:\/\/rite-edge.com\/wp-content\/uploads\/2021\/05\/Joining-pieces-1.jpg\",\"contentUrl\":\"https:\/\/rite-edge.com\/wp-content\/uploads\/2021\/05\/Joining-pieces-1.jpg\",\"width\":500,\"height\":500},{\"@type\":\"WebPage\",\"@id\":\"https:\/\/rite-edge.com\/fr\/produit\/pieces-dassemblage-pour-rite-edge\/#webpage\",\"url\":\"https:\/\/rite-edge.com\/fr\/produit\/pieces-dassemblage-pour-rite-edge\/\",\"name\":\"PI\u00c8CES D'ASSEMBLAGE POUR RITE-EDGE - Rite-Edge\",\"isPartOf\":{\"@id\":\"https:\/\/rite-edge.com\/#website\"},\"primaryImageOfPage\":{\"@id\":\"https:\/\/rite-edge.com\/fr\/produit\/pieces-dassemblage-pour-rite-edge\/#primaryimage\"},\"datePublished\":\"2022-01-25T10:31:21+00:00\",\"dateModified\":\"2022-01-25T10:31:21+00:00\",\"breadcrumb\":{\"@id\":\"https:\/\/rite-edge.com\/fr\/produit\/pieces-dassemblage-pour-rite-edge\/#breadcrumb\"},\"inLanguage\":\"fr-FR\",\"potentialAction\":[{\"@type\":\"ReadAction\",\"target\":[\"https:\/\/rite-edge.com\/fr\/produit\/pieces-dassemblage-pour-rite-edge\/\"]}]},{\"@type\":\"BreadcrumbList\",\"@id\":\"https:\/\/rite-edge.com\/fr\/produit\/pieces-dassemblage-pour-rite-edge\/#breadcrumb\",\"itemListElement\":[{\"@type\":\"ListItem\",\"position\":1,\"name\":\"Home\",\"item\":\"https:\/\/rite-edge.com\/fr\/\"},{\"@type\":\"ListItem\",\"position\":2,\"name\":\"Boutique\",\"item\":\"https:\/\/rite-edge.com\/fr\/boutique\/\"},{\"@type\":\"ListItem\",\"position\":3,\"name\":\"PI\u00c8CES D&rsquo;ASSEMBLAGE POUR RITE-EDGE\"}]}]}<\/script>\n<!-- \/ Yoast SEO plugin. -->","yoast_head_json":{"title":"PI\u00c8CES D'ASSEMBLAGE POUR RITE-EDGE - Rite-Edge","robots":{"index":"index","follow":"follow","max-snippet":"max-snippet:-1","max-image-preview":"max-image-preview:large","max-video-preview":"max-video-preview:-1"},"canonical":"https:\/\/rite-edge.com\/fr\/produit\/pieces-dassemblage-pour-rite-edge\/","og_locale":"fr_FR","og_type":"article","og_title":"PI\u00c8CES D'ASSEMBLAGE POUR RITE-EDGE - Rite-Edge","og_description":"La m\u00e9thode standard d'assemblage de deux pi\u00e8ces de Rite-Edge consiste \u00e0 utiliser son syst\u00e8me d'assemblage t\u00e9lescopique unique. Rite-Edge est fabriqu\u00e9 \u00e0 partir d'aluminium de qualit\u00e9 a\u00e9ronautique de haute qualit\u00e9 qui est extrud\u00e9 en une section solide de 100 mm de profondeur qui a incorpor\u00e9 dans sa conception une section m\u00e2le et une section femelle. Ces deux sections glissent ensemble non seulement pour donner le joint t\u00e9lescopique coulissant unique, mais aussi un joint qui est vrai et droit ......... pas un syst\u00e8me d'assemblage fragile mais un joint con\u00e7u avec pr\u00e9cision ! Cette m\u00e9thode d'assemblage des pi\u00e8ces Rite-Edge les unes aux autres est la m\u00e9thode la plus populaire, mais pour certains, elle n'est pas esth\u00e9tique dans la mesure o\u00f9 elle laisse ce qui peut \u00eatre mieux d\u00e9crit comme un joint \u00e9tag\u00e9, l'image de droite le montre.","og_url":"https:\/\/rite-edge.com\/fr\/produit\/pieces-dassemblage-pour-rite-edge\/","og_site_name":"Rite-Edge","og_image":[{"width":500,"height":500,"url":"https:\/\/rite-edge.com\/wp-content\/uploads\/2021\/05\/Joining-pieces-1.jpg","type":"image\/jpeg"}],"twitter_card":"summary_large_image","twitter_misc":{"Dur\u00e9e de lecture estim\u00e9e":"1 minute"},"schema":{"@context":"https:\/\/schema.org","@graph":[{"@type":"WebSite","@id":"https:\/\/rite-edge.com\/#website","url":"https:\/\/rite-edge.com\/","name":"Rite-Edge","description":"Rite-Edge est une solution durable et de haute qualit\u00e9 pour cr\u00e9er des bordures de pelouse, des bordures de jardin, des bordures paysag\u00e8res et plus encore. Rite-Edge est fabriqu\u00e9 dans notre usine au Royaume-Uni et en Belgique.","potentialAction":[{"@type":"SearchAction","target":{"@type":"EntryPoint","urlTemplate":"https:\/\/rite-edge.com\/?s={search_term_string}"},"query-input":"required name=search_term_string"}],"inLanguage":"fr-FR"},{"@type":"ImageObject","@id":"https:\/\/rite-edge.com\/fr\/produit\/pieces-dassemblage-pour-rite-edge\/#primaryimage","inLanguage":"fr-FR","url":"https:\/\/rite-edge.com\/wp-content\/uploads\/2021\/05\/Joining-pieces-1.jpg","contentUrl":"https:\/\/rite-edge.com\/wp-content\/uploads\/2021\/05\/Joining-pieces-1.jpg","width":500,"height":500},{"@type":"WebPage","@id":"https:\/\/rite-edge.com\/fr\/produit\/pieces-dassemblage-pour-rite-edge\/#webpage","url":"https:\/\/rite-edge.com\/fr\/produit\/pieces-dassemblage-pour-rite-edge\/","name":"PI\u00c8CES D'ASSEMBLAGE POUR RITE-EDGE - Rite-Edge","isPartOf":{"@id":"https:\/\/rite-edge.com\/#website"},"primaryImageOfPage":{"@id":"https:\/\/rite-edge.com\/fr\/produit\/pieces-dassemblage-pour-rite-edge\/#primaryimage"},"datePublished":"2022-01-25T10:31:21+00:00","dateModified":"2022-01-25T10:31:21+00:00","breadcrumb":{"@id":"https:\/\/rite-edge.com\/fr\/produit\/pieces-dassemblage-pour-rite-edge\/#breadcrumb"},"inLanguage":"fr-FR","potentialAction":[{"@type":"ReadAction","target":["https:\/\/rite-edge.com\/fr\/produit\/pieces-dassemblage-pour-rite-edge\/"]}]},{"@type":"BreadcrumbList","@id":"https:\/\/rite-edge.com\/fr\/produit\/pieces-dassemblage-pour-rite-edge\/#breadcrumb","itemListElement":[{"@type":"ListItem","position":1,"name":"Home","item":"https:\/\/rite-edge.com\/fr\/"},{"@type":"ListItem","position":2,"name":"Boutique","item":"https:\/\/rite-edge.com\/fr\/boutique\/"},{"@type":"ListItem","position":3,"name":"PI\u00c8CES D&rsquo;ASSEMBLAGE POUR RITE-EDGE"}]}]}},"_links":{"self":[{"href":"https:\/\/rite-edge.com\/fr\/wp-json\/wp\/v2\/product\/1166"}],"collection":[{"href":"https:\/\/rite-edge.com\/fr\/wp-json\/wp\/v2\/product"}],"about":[{"href":"https:\/\/rite-edge.com\/fr\/wp-json\/wp\/v2\/types\/product"}],"wp:featuredmedia":[{"embeddable":true,"href":"https:\/\/rite-edge.com\/fr\/wp-json\/wp\/v2\/media\/820"}],"wp:attachment":[{"href":"https:\/\/rite-edge.com\/fr\/wp-json\/wp\/v2\/media?parent=1166"}],"wp:term":[{"taxonomy":"product_cat","embeddable":true,"href":"https:\/\/rite-edge.com\/fr\/wp-json\/wp\/v2\/product_cat?post=1166"},{"taxonomy":"product_tag","embeddable":true,"href":"https:\/\/rite-edge.com\/fr\/wp-json\/wp\/v2\/product_tag?post=1166"}],"curies":[{"name":"wp","href":"https:\/\/api.w.org\/{rel}","templated":true}]}}