{"id":1176,"date":"2021-06-08T15:12:43","date_gmt":"2022-01-25T10:35:50","guid":{"rendered":"https:\/\/rite-edge.com\/product\/pack-de-sections-rite-l-edge\/"},"modified":"2022-01-25T10:35:50","modified_gmt":"2022-01-25T10:35:50","slug":"pack-de-sections-rite-l-edge","status":"publish","type":"product","link":"https:\/\/rite-edge.com\/fr\/produit\/pack-de-sections-rite-l-edge\/","title":{"rendered":"PACK DE SECTIONS <strong>RITE-L-EDGE<\/strong>"},"content":{"rendered":"<p>Rite-L-Edge a \u00e9t\u00e9 con\u00e7u en pensant \u00e0 la fois \u00e0 l&rsquo;architecte paysagiste et \u00e0 l&rsquo;installateur. Rite-L-Edge est une section robuste en forme de \u00ab L \u00bb extrud\u00e9e \u00e0 partir d&rsquo;un alliage d&rsquo;aluminium 6005A durable et constitue le choix de pr\u00e9dilection en mati\u00e8re de bordures paysag\u00e8res en m\u00e9tal pour les concepteurs et les entrepreneurs en raison de sa polyvalence, de sa r\u00e9sistance, de sa rapidit\u00e9 d&rsquo;installation et de sa rentabilit\u00e9. Disponible en versions Flexi ou Non-Flexi et dans une vari\u00e9t\u00e9 de profondeurs, l&rsquo;utilisation de bordures paysag\u00e8res en aluminium Rite-L-Edge am\u00e9liorera n&rsquo;importe quel projet.<\/p>\n<p>&nbsp;<\/p>\n","protected":false},"excerpt":{"rendered":"<p>Les bordures m\u00e9talliques sont un choix pr\u00e9f\u00e9rable aux syst\u00e8mes de bordures plus traditionnels, comme les bordures en b\u00e9ton car elles permettent d\u2019obtenir des lignes plus propres et plus esth\u00e9tiques Rite-L-Edge est une section robuste en forme de \u00ab L \u00bb extrud\u00e9e \u00e0 partir d&rsquo;un alliage d&rsquo;aluminium 6005A durable et constitue le choix de pr\u00e9dilection en mati\u00e8re de bordures paysag\u00e8res en m\u00e9tal pour les concepteurs et les entrepreneurs en raison de sa polyvalence, de sa r\u00e9sistance, de sa rapidit\u00e9 d&rsquo;installation et de sa rentabilit\u00e9. Disponibles en versions Flexi et Non-Flexi et dans une vari\u00e9t\u00e9 de profondeurs, l&rsquo;utilisation des bordures de paysage en aluminium Rite-L-Edge am\u00e9liorera n&rsquo;importe quel projet.<\/p>\n<p>Rainbow Professional s&rsquo;engage \u00e0 fournir des mat\u00e9riaux de bordure de qualit\u00e9 qui permettent une installation rapide et facile donnant des lignes \u00e9pur\u00e9es \u00e0 un prix rentable. Quelle que soit votre application, nous vous fournissons le chant dont vous avez besoin pour \u00e9conomiser du temps, des efforts et de l&rsquo;argent<\/p>\n","protected":false},"featured_media":1177,"template":"","meta":[],"product_cat":[89,90,135],"product_tag":[],"acf":[],"yoast_head":"<!-- This site is optimized with the Yoast SEO plugin v18.4.1 - https:\/\/yoast.com\/wordpress\/plugins\/seo\/ -->\n<title>PACK DE SECTIONS RITE-L-EDGE - Rite-Edge<\/title>\n<meta name=\"robots\" content=\"index, follow, max-snippet:-1, max-image-preview:large, max-video-preview:-1\" \/>\n<link rel=\"canonical\" href=\"https:\/\/rite-edge.com\/fr\/produit\/pack-de-sections-rite-l-edge\/\" \/>\n<meta property=\"og:locale\" content=\"fr_FR\" \/>\n<meta property=\"og:type\" content=\"article\" \/>\n<meta property=\"og:title\" content=\"PACK DE SECTIONS RITE-L-EDGE - Rite-Edge\" \/>\n<meta property=\"og:description\" content=\"Les bordures m\u00e9talliques sont un choix pr\u00e9f\u00e9rable aux syst\u00e8mes de bordures plus traditionnels, comme les bordures en b\u00e9ton car elles permettent d\u2019obtenir des lignes plus propres et plus esth\u00e9tiques Rite-L-Edge est une section robuste en forme de \u00ab L \u00bb extrud\u00e9e \u00e0 partir d&#039;un alliage d&#039;aluminium 6005A durable et constitue le choix de pr\u00e9dilection en mati\u00e8re de bordures paysag\u00e8res en m\u00e9tal pour les concepteurs et les entrepreneurs en raison de sa polyvalence, de sa r\u00e9sistance, de sa rapidit\u00e9 d&#039;installation et de sa rentabilit\u00e9. Disponibles en versions Flexi et Non-Flexi et dans une vari\u00e9t\u00e9 de profondeurs, l&#039;utilisation des bordures de paysage en aluminium Rite-L-Edge am\u00e9liorera n&#039;importe quel projet. Rainbow Professional s&#039;engage \u00e0 fournir des mat\u00e9riaux de bordure de qualit\u00e9 qui permettent une installation rapide et facile donnant des lignes \u00e9pur\u00e9es \u00e0 un prix rentable. Quelle que soit votre application, nous vous fournissons le chant dont vous avez besoin pour \u00e9conomiser du temps, des efforts et de l&#039;argent\" \/>\n<meta property=\"og:url\" content=\"https:\/\/rite-edge.com\/fr\/produit\/pack-de-sections-rite-l-edge\/\" \/>\n<meta property=\"og:site_name\" content=\"Rite-Edge\" \/>\n<meta property=\"og:image\" content=\"https:\/\/rite-edge.com\/wp-content\/uploads\/2021\/05\/c570-side-shot.jpg\" \/>\n\t<meta property=\"og:image:width\" content=\"1000\" \/>\n\t<meta property=\"og:image:height\" content=\"1000\" \/>\n\t<meta property=\"og:image:type\" content=\"image\/jpeg\" \/>\n<meta name=\"twitter:card\" content=\"summary_large_image\" \/>\n<script type=\"application\/ld+json\" class=\"yoast-schema-graph\">{\"@context\":\"https:\/\/schema.org\",\"@graph\":[{\"@type\":\"WebSite\",\"@id\":\"https:\/\/rite-edge.com\/#website\",\"url\":\"https:\/\/rite-edge.com\/\",\"name\":\"Rite-Edge\",\"description\":\"Rite-Edge est une solution durable et de haute qualit\u00e9 pour cr\u00e9er des bordures de pelouse, des bordures de jardin, des bordures paysag\u00e8res et plus encore. Rite-Edge est fabriqu\u00e9 dans notre usine au Royaume-Uni et en Belgique.\",\"potentialAction\":[{\"@type\":\"SearchAction\",\"target\":{\"@type\":\"EntryPoint\",\"urlTemplate\":\"https:\/\/rite-edge.com\/?s={search_term_string}\"},\"query-input\":\"required name=search_term_string\"}],\"inLanguage\":\"fr-FR\"},{\"@type\":\"ImageObject\",\"@id\":\"https:\/\/rite-edge.com\/fr\/produit\/pack-de-sections-rite-l-edge\/#primaryimage\",\"inLanguage\":\"fr-FR\",\"url\":\"https:\/\/rite-edge.com\/wp-content\/uploads\/2021\/05\/c570-side-shot.jpg\",\"contentUrl\":\"https:\/\/rite-edge.com\/wp-content\/uploads\/2021\/05\/c570-side-shot.jpg\",\"width\":1000,\"height\":1000},{\"@type\":\"WebPage\",\"@id\":\"https:\/\/rite-edge.com\/fr\/produit\/pack-de-sections-rite-l-edge\/#webpage\",\"url\":\"https:\/\/rite-edge.com\/fr\/produit\/pack-de-sections-rite-l-edge\/\",\"name\":\"PACK DE SECTIONS RITE-L-EDGE - Rite-Edge\",\"isPartOf\":{\"@id\":\"https:\/\/rite-edge.com\/#website\"},\"primaryImageOfPage\":{\"@id\":\"https:\/\/rite-edge.com\/fr\/produit\/pack-de-sections-rite-l-edge\/#primaryimage\"},\"datePublished\":\"2022-01-25T10:35:50+00:00\",\"dateModified\":\"2022-01-25T10:35:50+00:00\",\"breadcrumb\":{\"@id\":\"https:\/\/rite-edge.com\/fr\/produit\/pack-de-sections-rite-l-edge\/#breadcrumb\"},\"inLanguage\":\"fr-FR\",\"potentialAction\":[{\"@type\":\"ReadAction\",\"target\":[\"https:\/\/rite-edge.com\/fr\/produit\/pack-de-sections-rite-l-edge\/\"]}]},{\"@type\":\"BreadcrumbList\",\"@id\":\"https:\/\/rite-edge.com\/fr\/produit\/pack-de-sections-rite-l-edge\/#breadcrumb\",\"itemListElement\":[{\"@type\":\"ListItem\",\"position\":1,\"name\":\"Home\",\"item\":\"https:\/\/rite-edge.com\/fr\/\"},{\"@type\":\"ListItem\",\"position\":2,\"name\":\"Boutique\",\"item\":\"https:\/\/rite-edge.com\/fr\/boutique\/\"},{\"@type\":\"ListItem\",\"position\":3,\"name\":\"PACK DE SECTIONS RITE-L-EDGE\"}]}]}<\/script>\n<!-- \/ Yoast SEO plugin. -->","yoast_head_json":{"title":"PACK DE SECTIONS RITE-L-EDGE - Rite-Edge","robots":{"index":"index","follow":"follow","max-snippet":"max-snippet:-1","max-image-preview":"max-image-preview:large","max-video-preview":"max-video-preview:-1"},"canonical":"https:\/\/rite-edge.com\/fr\/produit\/pack-de-sections-rite-l-edge\/","og_locale":"fr_FR","og_type":"article","og_title":"PACK DE SECTIONS RITE-L-EDGE - Rite-Edge","og_description":"Les bordures m\u00e9talliques sont un choix pr\u00e9f\u00e9rable aux syst\u00e8mes de bordures plus traditionnels, comme les bordures en b\u00e9ton car elles permettent d\u2019obtenir des lignes plus propres et plus esth\u00e9tiques Rite-L-Edge est une section robuste en forme de \u00ab L \u00bb extrud\u00e9e \u00e0 partir d'un alliage d'aluminium 6005A durable et constitue le choix de pr\u00e9dilection en mati\u00e8re de bordures paysag\u00e8res en m\u00e9tal pour les concepteurs et les entrepreneurs en raison de sa polyvalence, de sa r\u00e9sistance, de sa rapidit\u00e9 d'installation et de sa rentabilit\u00e9. Disponibles en versions Flexi et Non-Flexi et dans une vari\u00e9t\u00e9 de profondeurs, l'utilisation des bordures de paysage en aluminium Rite-L-Edge am\u00e9liorera n'importe quel projet. Rainbow Professional s'engage \u00e0 fournir des mat\u00e9riaux de bordure de qualit\u00e9 qui permettent une installation rapide et facile donnant des lignes \u00e9pur\u00e9es \u00e0 un prix rentable. Quelle que soit votre application, nous vous fournissons le chant dont vous avez besoin pour \u00e9conomiser du temps, des efforts et de l'argent","og_url":"https:\/\/rite-edge.com\/fr\/produit\/pack-de-sections-rite-l-edge\/","og_site_name":"Rite-Edge","og_image":[{"width":1000,"height":1000,"url":"https:\/\/rite-edge.com\/wp-content\/uploads\/2021\/05\/c570-side-shot.jpg","type":"image\/jpeg"}],"twitter_card":"summary_large_image","schema":{"@context":"https:\/\/schema.org","@graph":[{"@type":"WebSite","@id":"https:\/\/rite-edge.com\/#website","url":"https:\/\/rite-edge.com\/","name":"Rite-Edge","description":"Rite-Edge est une solution durable et de haute qualit\u00e9 pour cr\u00e9er des bordures de pelouse, des bordures de jardin, des bordures paysag\u00e8res et plus encore. Rite-Edge est fabriqu\u00e9 dans notre usine au Royaume-Uni et en Belgique.","potentialAction":[{"@type":"SearchAction","target":{"@type":"EntryPoint","urlTemplate":"https:\/\/rite-edge.com\/?s={search_term_string}"},"query-input":"required name=search_term_string"}],"inLanguage":"fr-FR"},{"@type":"ImageObject","@id":"https:\/\/rite-edge.com\/fr\/produit\/pack-de-sections-rite-l-edge\/#primaryimage","inLanguage":"fr-FR","url":"https:\/\/rite-edge.com\/wp-content\/uploads\/2021\/05\/c570-side-shot.jpg","contentUrl":"https:\/\/rite-edge.com\/wp-content\/uploads\/2021\/05\/c570-side-shot.jpg","width":1000,"height":1000},{"@type":"WebPage","@id":"https:\/\/rite-edge.com\/fr\/produit\/pack-de-sections-rite-l-edge\/#webpage","url":"https:\/\/rite-edge.com\/fr\/produit\/pack-de-sections-rite-l-edge\/","name":"PACK DE SECTIONS RITE-L-EDGE - Rite-Edge","isPartOf":{"@id":"https:\/\/rite-edge.com\/#website"},"primaryImageOfPage":{"@id":"https:\/\/rite-edge.com\/fr\/produit\/pack-de-sections-rite-l-edge\/#primaryimage"},"datePublished":"2022-01-25T10:35:50+00:00","dateModified":"2022-01-25T10:35:50+00:00","breadcrumb":{"@id":"https:\/\/rite-edge.com\/fr\/produit\/pack-de-sections-rite-l-edge\/#breadcrumb"},"inLanguage":"fr-FR","potentialAction":[{"@type":"ReadAction","target":["https:\/\/rite-edge.com\/fr\/produit\/pack-de-sections-rite-l-edge\/"]}]},{"@type":"BreadcrumbList","@id":"https:\/\/rite-edge.com\/fr\/produit\/pack-de-sections-rite-l-edge\/#breadcrumb","itemListElement":[{"@type":"ListItem","position":1,"name":"Home","item":"https:\/\/rite-edge.com\/fr\/"},{"@type":"ListItem","position":2,"name":"Boutique","item":"https:\/\/rite-edge.com\/fr\/boutique\/"},{"@type":"ListItem","position":3,"name":"PACK DE SECTIONS RITE-L-EDGE"}]}]}},"_links":{"self":[{"href":"https:\/\/rite-edge.com\/fr\/wp-json\/wp\/v2\/product\/1176"}],"collection":[{"href":"https:\/\/rite-edge.com\/fr\/wp-json\/wp\/v2\/product"}],"about":[{"href":"https:\/\/rite-edge.com\/fr\/wp-json\/wp\/v2\/types\/product"}],"wp:featuredmedia":[{"embeddable":true,"href":"https:\/\/rite-edge.com\/fr\/wp-json\/wp\/v2\/media\/1177"}],"wp:attachment":[{"href":"https:\/\/rite-edge.com\/fr\/wp-json\/wp\/v2\/media?parent=1176"}],"wp:term":[{"taxonomy":"product_cat","embeddable":true,"href":"https:\/\/rite-edge.com\/fr\/wp-json\/wp\/v2\/product_cat?post=1176"},{"taxonomy":"product_tag","embeddable":true,"href":"https:\/\/rite-edge.com\/fr\/wp-json\/wp\/v2\/product_tag?post=1176"}],"curies":[{"name":"wp","href":"https:\/\/api.w.org\/{rel}","templated":true}]}}