{"id":1224,"date":"2020-05-28T17:10:38","date_gmt":"2022-01-25T10:40:39","guid":{"rendered":"https:\/\/rite-edge.com\/product\/piquets-de-fixation-en-acier-rite-l-edge\/"},"modified":"2022-01-25T10:40:39","modified_gmt":"2022-01-25T10:40:39","slug":"piquets-de-fixation-en-acier-rite-l-edge","status":"publish","type":"product","link":"https:\/\/rite-edge.com\/fr\/produit\/piquets-de-fixation-en-acier-rite-l-edge\/","title":{"rendered":"PIQUETS DE FIXATION EN ACIER <strong>RITE-L-EDGE<\/strong>"},"content":{"rendered":"<p>Il est recommand\u00e9 d\u2019utiliser des piquets de fixation en spirale en acier (galvanis\u00e9) de 25 cm de long pour fixer le Rite-L-Edge \u00e0 la sous-base pr\u00e9par\u00e9e. Le nombre de piquets de fixation n\u00e9cessaires par m\u00e8tre lin\u00e9aire d\u00e9pend de l&rsquo;application. Il est recommand\u00e9, l\u00e0 o\u00f9 l&rsquo;installation doit \u00eatre soumise \u00e0 un trafic de v\u00e9hicules fr\u00e9quent, de placer des piquets \u00e0 un espacement de 10 cm. Dans le cas d\u2019un trafic de occasionnel de v\u00e9hicules, les piquets doivent \u00eatre espac\u00e9s de 20 cm ; et pour une circulation pi\u00e9tonne, de 30 cm.<\/p>\n","protected":false},"excerpt":{"rendered":"<p>Il est recommand\u00e9 d\u2019utiliser des piquets de fixation en spirale en acier (galvanis\u00e9) de 25 cm de long pour fixer le Rite-L-Edge \u00e0 la sous-base pr\u00e9par\u00e9e. Le nombre de piquets de fixation n\u00e9cessaires par m\u00e8tre lin\u00e9aire d\u00e9pend de l&rsquo;application. Il est recommand\u00e9, l\u00e0 o\u00f9 l&rsquo;installation doit \u00eatre soumise \u00e0 un trafic de v\u00e9hicules fr\u00e9quent, de [&hellip;]<\/p>\n","protected":false},"featured_media":1225,"template":"","meta":[],"product_cat":[89,90,135],"product_tag":[],"acf":[],"yoast_head":"<!-- This site is optimized with the Yoast SEO plugin v18.4.1 - https:\/\/yoast.com\/wordpress\/plugins\/seo\/ -->\n<title>PIQUETS DE FIXATION EN ACIER RITE-L-EDGE - Rite-Edge<\/title>\n<meta name=\"robots\" content=\"index, follow, max-snippet:-1, max-image-preview:large, max-video-preview:-1\" \/>\n<link rel=\"canonical\" href=\"https:\/\/rite-edge.com\/fr\/produit\/piquets-de-fixation-en-acier-rite-l-edge\/\" \/>\n<meta property=\"og:locale\" content=\"fr_FR\" \/>\n<meta property=\"og:type\" content=\"article\" \/>\n<meta property=\"og:title\" content=\"PIQUETS DE FIXATION EN ACIER RITE-L-EDGE - Rite-Edge\" \/>\n<meta property=\"og:description\" content=\"Il est recommand\u00e9 d\u2019utiliser des piquets de fixation en spirale en acier (galvanis\u00e9) de 25 cm de long pour fixer le Rite-L-Edge \u00e0 la sous-base pr\u00e9par\u00e9e. Le nombre de piquets de fixation n\u00e9cessaires par m\u00e8tre lin\u00e9aire d\u00e9pend de l&rsquo;application. Il est recommand\u00e9, l\u00e0 o\u00f9 l&rsquo;installation doit \u00eatre soumise \u00e0 un trafic de v\u00e9hicules fr\u00e9quent, de [&hellip;]\" \/>\n<meta property=\"og:url\" content=\"https:\/\/rite-edge.com\/fr\/produit\/piquets-de-fixation-en-acier-rite-l-edge\/\" \/>\n<meta property=\"og:site_name\" content=\"Rite-Edge\" \/>\n<meta property=\"og:image\" content=\"https:\/\/rite-edge.com\/wp-content\/uploads\/2020\/05\/Rite-L-Edge-Fixings.jpg\" \/>\n\t<meta property=\"og:image:width\" content=\"750\" \/>\n\t<meta property=\"og:image:height\" content=\"750\" \/>\n\t<meta property=\"og:image:type\" content=\"image\/jpeg\" \/>\n<meta name=\"twitter:card\" content=\"summary_large_image\" \/>\n<script type=\"application\/ld+json\" class=\"yoast-schema-graph\">{\"@context\":\"https:\/\/schema.org\",\"@graph\":[{\"@type\":\"WebSite\",\"@id\":\"https:\/\/rite-edge.com\/#website\",\"url\":\"https:\/\/rite-edge.com\/\",\"name\":\"Rite-Edge\",\"description\":\"Rite-Edge est une solution durable et de haute qualit\u00e9 pour cr\u00e9er des bordures de pelouse, des bordures de jardin, des bordures paysag\u00e8res et plus encore. Rite-Edge est fabriqu\u00e9 dans notre usine au Royaume-Uni et en Belgique.\",\"potentialAction\":[{\"@type\":\"SearchAction\",\"target\":{\"@type\":\"EntryPoint\",\"urlTemplate\":\"https:\/\/rite-edge.com\/?s={search_term_string}\"},\"query-input\":\"required name=search_term_string\"}],\"inLanguage\":\"fr-FR\"},{\"@type\":\"ImageObject\",\"@id\":\"https:\/\/rite-edge.com\/fr\/produit\/piquets-de-fixation-en-acier-rite-l-edge\/#primaryimage\",\"inLanguage\":\"fr-FR\",\"url\":\"https:\/\/rite-edge.com\/wp-content\/uploads\/2020\/05\/Rite-L-Edge-Fixings.jpg\",\"contentUrl\":\"https:\/\/rite-edge.com\/wp-content\/uploads\/2020\/05\/Rite-L-Edge-Fixings.jpg\",\"width\":750,\"height\":750},{\"@type\":\"WebPage\",\"@id\":\"https:\/\/rite-edge.com\/fr\/produit\/piquets-de-fixation-en-acier-rite-l-edge\/#webpage\",\"url\":\"https:\/\/rite-edge.com\/fr\/produit\/piquets-de-fixation-en-acier-rite-l-edge\/\",\"name\":\"PIQUETS DE FIXATION EN ACIER RITE-L-EDGE - Rite-Edge\",\"isPartOf\":{\"@id\":\"https:\/\/rite-edge.com\/#website\"},\"primaryImageOfPage\":{\"@id\":\"https:\/\/rite-edge.com\/fr\/produit\/piquets-de-fixation-en-acier-rite-l-edge\/#primaryimage\"},\"datePublished\":\"2022-01-25T10:40:39+00:00\",\"dateModified\":\"2022-01-25T10:40:39+00:00\",\"breadcrumb\":{\"@id\":\"https:\/\/rite-edge.com\/fr\/produit\/piquets-de-fixation-en-acier-rite-l-edge\/#breadcrumb\"},\"inLanguage\":\"fr-FR\",\"potentialAction\":[{\"@type\":\"ReadAction\",\"target\":[\"https:\/\/rite-edge.com\/fr\/produit\/piquets-de-fixation-en-acier-rite-l-edge\/\"]}]},{\"@type\":\"BreadcrumbList\",\"@id\":\"https:\/\/rite-edge.com\/fr\/produit\/piquets-de-fixation-en-acier-rite-l-edge\/#breadcrumb\",\"itemListElement\":[{\"@type\":\"ListItem\",\"position\":1,\"name\":\"Home\",\"item\":\"https:\/\/rite-edge.com\/fr\/\"},{\"@type\":\"ListItem\",\"position\":2,\"name\":\"Boutique\",\"item\":\"https:\/\/rite-edge.com\/fr\/boutique\/\"},{\"@type\":\"ListItem\",\"position\":3,\"name\":\"PIQUETS DE FIXATION EN ACIER RITE-L-EDGE\"}]}]}<\/script>\n<!-- \/ Yoast SEO plugin. -->","yoast_head_json":{"title":"PIQUETS DE FIXATION EN ACIER RITE-L-EDGE - Rite-Edge","robots":{"index":"index","follow":"follow","max-snippet":"max-snippet:-1","max-image-preview":"max-image-preview:large","max-video-preview":"max-video-preview:-1"},"canonical":"https:\/\/rite-edge.com\/fr\/produit\/piquets-de-fixation-en-acier-rite-l-edge\/","og_locale":"fr_FR","og_type":"article","og_title":"PIQUETS DE FIXATION EN ACIER RITE-L-EDGE - Rite-Edge","og_description":"Il est recommand\u00e9 d\u2019utiliser des piquets de fixation en spirale en acier (galvanis\u00e9) de 25 cm de long pour fixer le Rite-L-Edge \u00e0 la sous-base pr\u00e9par\u00e9e. Le nombre de piquets de fixation n\u00e9cessaires par m\u00e8tre lin\u00e9aire d\u00e9pend de l&rsquo;application. Il est recommand\u00e9, l\u00e0 o\u00f9 l&rsquo;installation doit \u00eatre soumise \u00e0 un trafic de v\u00e9hicules fr\u00e9quent, de [&hellip;]","og_url":"https:\/\/rite-edge.com\/fr\/produit\/piquets-de-fixation-en-acier-rite-l-edge\/","og_site_name":"Rite-Edge","og_image":[{"width":750,"height":750,"url":"https:\/\/rite-edge.com\/wp-content\/uploads\/2020\/05\/Rite-L-Edge-Fixings.jpg","type":"image\/jpeg"}],"twitter_card":"summary_large_image","schema":{"@context":"https:\/\/schema.org","@graph":[{"@type":"WebSite","@id":"https:\/\/rite-edge.com\/#website","url":"https:\/\/rite-edge.com\/","name":"Rite-Edge","description":"Rite-Edge est une solution durable et de haute qualit\u00e9 pour cr\u00e9er des bordures de pelouse, des bordures de jardin, des bordures paysag\u00e8res et plus encore. Rite-Edge est fabriqu\u00e9 dans notre usine au Royaume-Uni et en Belgique.","potentialAction":[{"@type":"SearchAction","target":{"@type":"EntryPoint","urlTemplate":"https:\/\/rite-edge.com\/?s={search_term_string}"},"query-input":"required name=search_term_string"}],"inLanguage":"fr-FR"},{"@type":"ImageObject","@id":"https:\/\/rite-edge.com\/fr\/produit\/piquets-de-fixation-en-acier-rite-l-edge\/#primaryimage","inLanguage":"fr-FR","url":"https:\/\/rite-edge.com\/wp-content\/uploads\/2020\/05\/Rite-L-Edge-Fixings.jpg","contentUrl":"https:\/\/rite-edge.com\/wp-content\/uploads\/2020\/05\/Rite-L-Edge-Fixings.jpg","width":750,"height":750},{"@type":"WebPage","@id":"https:\/\/rite-edge.com\/fr\/produit\/piquets-de-fixation-en-acier-rite-l-edge\/#webpage","url":"https:\/\/rite-edge.com\/fr\/produit\/piquets-de-fixation-en-acier-rite-l-edge\/","name":"PIQUETS DE FIXATION EN ACIER RITE-L-EDGE - Rite-Edge","isPartOf":{"@id":"https:\/\/rite-edge.com\/#website"},"primaryImageOfPage":{"@id":"https:\/\/rite-edge.com\/fr\/produit\/piquets-de-fixation-en-acier-rite-l-edge\/#primaryimage"},"datePublished":"2022-01-25T10:40:39+00:00","dateModified":"2022-01-25T10:40:39+00:00","breadcrumb":{"@id":"https:\/\/rite-edge.com\/fr\/produit\/piquets-de-fixation-en-acier-rite-l-edge\/#breadcrumb"},"inLanguage":"fr-FR","potentialAction":[{"@type":"ReadAction","target":["https:\/\/rite-edge.com\/fr\/produit\/piquets-de-fixation-en-acier-rite-l-edge\/"]}]},{"@type":"BreadcrumbList","@id":"https:\/\/rite-edge.com\/fr\/produit\/piquets-de-fixation-en-acier-rite-l-edge\/#breadcrumb","itemListElement":[{"@type":"ListItem","position":1,"name":"Home","item":"https:\/\/rite-edge.com\/fr\/"},{"@type":"ListItem","position":2,"name":"Boutique","item":"https:\/\/rite-edge.com\/fr\/boutique\/"},{"@type":"ListItem","position":3,"name":"PIQUETS DE FIXATION EN ACIER RITE-L-EDGE"}]}]}},"_links":{"self":[{"href":"https:\/\/rite-edge.com\/fr\/wp-json\/wp\/v2\/product\/1224"}],"collection":[{"href":"https:\/\/rite-edge.com\/fr\/wp-json\/wp\/v2\/product"}],"about":[{"href":"https:\/\/rite-edge.com\/fr\/wp-json\/wp\/v2\/types\/product"}],"wp:featuredmedia":[{"embeddable":true,"href":"https:\/\/rite-edge.com\/fr\/wp-json\/wp\/v2\/media\/1225"}],"wp:attachment":[{"href":"https:\/\/rite-edge.com\/fr\/wp-json\/wp\/v2\/media?parent=1224"}],"wp:term":[{"taxonomy":"product_cat","embeddable":true,"href":"https:\/\/rite-edge.com\/fr\/wp-json\/wp\/v2\/product_cat?post=1224"},{"taxonomy":"product_tag","embeddable":true,"href":"https:\/\/rite-edge.com\/fr\/wp-json\/wp\/v2\/product_tag?post=1224"}],"curies":[{"name":"wp","href":"https:\/\/api.w.org\/{rel}","templated":true}]}}